{"id":161,"date":"2022-01-10T16:13:01","date_gmt":"2022-01-10T15:13:01","guid":{"rendered":"https:\/\/epccf.com\/?page_id=161"},"modified":"2026-02-20T15:36:10","modified_gmt":"2026-02-20T14:36:10","slug":"en-pratique","status":"publish","type":"page","link":"https:\/\/epccf.com\/index.php\/en-pratique\/","title":{"rendered":"Informations pratiques"},"content":{"rendered":"\n<h2 class=\"wp-block-heading\">Consultations uniquement sur rendez-vous<\/h2>\n\n\n\n<p><em>\u00ab Vous souhaitez en savoir plus ou prendre rendez-vous ? Contactez-moi <a href=\"https:\/\/epccf.com\/index.php\/contact\/\">ici<\/a>. \u00bb<\/em><\/p>\n\n\n\n<h2 class=\"wp-block-heading\">Dur\u00e9e et prix des consultations :<\/h2>\n\n\n\n<figure class=\"wp-block-table\"><table><tbody><tr><td class=\"has-text-align-left\" data-align=\"left\"><strong>Types de consultations<\/strong><\/td><td><strong>Dur\u00e9e<\/strong><\/td><td><strong>Prix \/ s\u00e9ance<\/strong><\/td><\/tr><tr><td class=\"has-text-align-left\" data-align=\"left\">Consultation individuelle<\/td><td>1 heure<\/td><td>60 \u20ac<\/td><\/tr><tr><td class=\"has-text-align-left\" data-align=\"left\">Consultation de couple \/ Sexologie clinique<\/td><td>1 H 15<\/td><td>75 \u20ac<\/td><\/tr><tr><td class=\"has-text-align-left\" data-align=\"left\">Consultation familiale<\/td><td>1 H 15<\/td><td>75 \u20ac<\/td><\/tr><tr><td class=\"has-text-align-left\" data-align=\"left\">Consultation psychocorporelle &#8211; adultes et adolescents \u00e0 partir de 13 ans<\/td><td>1 heure<\/td><td>60 \u20ac<\/td><\/tr><\/tbody><\/table><\/figure>\n\n\n\n<h2 class=\"wp-block-heading\">Remboursements mutuelles<\/h2>\n\n\n\n<p>Trois mutuelles (Partenamut, la Mutalit\u00e9 Chr\u00e9tienne et la Mutualit\u00e9 Lib\u00e9rale) remboursent les <strong>consultations en sexologie<\/strong> pour les patients des sexologues membres effectifs de la SSUB (en Wallonie)<\/p>\n\n\n\n<h3 class=\"wp-block-heading\"><strong>Affili\u00e9s Mutualit\u00e9 Chr\u00e9tienne<\/strong>&nbsp;:<\/h3>\n\n\n\n<p>Remboursement partiel des consultations en sexologie (<strong>20\u20ac\/s\u00e9ance<\/strong>) chez les sexologues&nbsp;membres effectifs de la SSUB.&nbsp;<br><strong>360\u20ac\/an&nbsp;<\/strong>\u00e0 raison de&nbsp;<strong>18 s\u00e9ances max\/an.&nbsp;<\/strong><\/p>\n\n\n\n<h3 class=\"wp-block-heading\"><strong>Affili\u00e9s Partenamut&nbsp;:&nbsp;<\/strong><\/h3>\n\n\n\n<p>Remboursement partiel des consultations en sexologie (<strong>20\u20ac\/s\u00e9ance<\/strong>) chez les sexologues membres effectifs&nbsp;de la SSUB.<br><strong>320\u20ac\/an<\/strong>&nbsp;\u00e0 raison de&nbsp;<strong>16 s\u00e9ances max\/an.<\/strong><\/p>\n\n\n\n<h3 class=\"wp-block-heading\"><strong>Affili\u00e9s Mutuelle Lib\u00e9rale&nbsp;:<\/strong><\/h3>\n\n\n\n<p>Intervention de&nbsp;<strong>20\u20ac<\/strong>&nbsp;par consultation chez&nbsp;un sexologue&nbsp;membre effectif&nbsp;de la SSUB.<br>Maximum de&nbsp;<strong>160\u20ac\/an \u00e0 raison de 8 s\u00e9ances max\/an.<\/strong><\/p>\n\n\n\n<p class=\"has-text-align-center has-x-large-font-size\"><strong>____<\/strong><\/p>\n\n\n\n<p><strong>Rencontrer des difficult\u00e9s financi\u00e8res, cela peut arriver \u00e0 tout le monde, quelles qu&rsquo;en soient les raisons, et ce, de mani\u00e8re parfois rapide et brutale.<\/strong><\/p>\n\n\n\n<p>La poursuite de l&rsquo;accompagnement est d&rsquo;autant plus importante que des difficult\u00e9s viennent se surajouter.<\/p>\n\n\n\n<p><strong>N&rsquo;h\u00e9sitez jamais \u00e0 me faire part de ces difficult\u00e9s.<\/strong><\/p>\n\n\n\n<p>Dans le cadre d&rsquo;un suivi d\u00e9j\u00e0 entrepris et en ce qui concerne&nbsp;les personnes rencontrant des difficult\u00e9s financi\u00e8res majeures&nbsp;faisant suite \u00e0 :<\/p>\n\n\n\n<ul class=\"wp-block-list\">\n<li>La perte de l&rsquo;activit\u00e9 professionnelle&nbsp;principale sans compensations de revenus;<\/li>\n\n\n\n<li>La&nbsp;survenue d&rsquo;une maladie grave;<\/li>\n\n\n\n<li>Un revenu d&rsquo;int\u00e9gration sociale ;<\/li>\n\n\n\n<li>Etc.<\/li>\n<\/ul>\n\n\n\n<p>Les honoraires peuvent \u00eatre r\u00e9duits, sous conditions, au cas par cas.<\/p>\n\n\n\n<p class=\"has-text-align-center has-x-large-font-size\"><strong>____<\/strong><\/p>\n\n\n\n<h2 class=\"wp-block-heading\">Horaires de consultation et adresse<\/h2>\n\n\n\n<figure class=\"wp-block-table is-style-regular\"><table><tbody><tr><td class=\"has-text-align-center\" data-align=\"center\"><\/td><td class=\"has-text-align-center\" data-align=\"center\"><strong><mark style=\"background-color:rgba(0, 0, 0, 0)\" class=\"has-inline-color has-black-color\">Cabinet Priv\u00e9<\/mark><\/strong><\/td><\/tr><tr><td class=\"has-text-align-center\" data-align=\"center\"><strong>Lundi<\/strong><\/td><td class=\"has-text-align-center\" data-align=\"center\"><strong>18h30 &#8211; 20h<\/strong><\/td><\/tr><tr><td class=\"has-text-align-center\" data-align=\"center\"><strong><mark style=\"background-color:rgba(0, 0, 0, 0)\" class=\"has-inline-color has-black-color\">Vendredi<\/mark><\/strong><\/td><td class=\"has-text-align-center\" data-align=\"center\"><strong><mark style=\"background-color:rgba(0, 0, 0, 0)\" class=\"has-inline-color has-black-color\">14 &#8211; 20h<\/mark><\/strong><\/td><\/tr><tr><td class=\"has-text-align-center\" data-align=\"center\"><strong><mark style=\"background-color:rgba(0, 0, 0, 0)\" class=\"has-inline-color has-black-color\">Samedi<\/mark><\/strong><\/td><td class=\"has-text-align-center\" data-align=\"center\"><strong><mark style=\"background-color:rgba(0, 0, 0, 0)\" class=\"has-inline-color has-black-color\">9h &#8211; 12h30<\/mark><\/strong><\/td><\/tr><tr><td class=\"has-text-align-center\" data-align=\"center\"><strong>Adresses<\/strong><\/td><td class=\"has-text-align-center\" data-align=\"center\"><mark style=\"background-color:rgba(0, 0, 0, 0)\" class=\"has-inline-color has-black-color\"><strong>Rue des Lani\u00e8res 9F<\/strong><br><strong>7040 Qu\u00e9vy-Le-Grand<\/strong><\/mark><\/td><\/tr><tr><td class=\"has-text-align-center\" data-align=\"center\"><strong>Rendez-vous<\/strong><\/td><td class=\"has-text-align-center\" data-align=\"center\"><a href=\"https:\/\/epccf.com\/index.php\/contact\/\"><img loading=\"lazy\" decoding=\"async\" width=\"32\" height=\"32\" class=\"wp-image-203\" style=\"width: 32px;\" src=\"https:\/\/epccf.com\/wp-content\/uploads\/2022\/01\/favicon.png\" alt=\"\"><\/a><\/td><\/tr><\/tbody><\/table><\/figure>\n\n\n\n<h2 class=\"wp-block-heading\">Carte :<\/h2>\n\n\n\n<p><strong><mark style=\"background-color:rgba(0, 0, 0, 0)\" class=\"has-inline-color has-vivid-green-cyan-color\">Cabinet Priv\u00e9<\/mark><\/strong><\/p>\n\n\n\n<figure class=\"wp-block-table aligncenter\"><table><tbody><tr><td><strong>Rue des Lani\u00e8res 9F<\/strong><br><strong>7040 Qu\u00e9vy-Le-Grand<\/strong><br><\/td><\/tr><tr><td>Utilisez Google Maps sur votre mobile et inscrivez dans la zone de recherche : <mark style=\"background-color:rgba(0, 0, 0, 0)\" class=\"has-inline-color has-luminous-vivid-orange-color\"><strong>Emmanuel Panfil Th\u00e9rapie individuelle, du couple et de la famille &#8211; Sexologie clinique<\/strong><\/mark> ou cliquez sur \u00ab\u00a0<em><strong>Itin\u00e9raires<\/strong><\/em>\u00a0\u00bb sur la carte ci-dessous.<br><br>Vous arriverez facilement et directement au cabinet.<br>\u00c0 partir d&rsquo;un GPS, entrez les coordonn\u00e9es : 50.33035648551534, 3.914111530139109<\/td><\/tr><\/tbody><\/table><\/figure>\n\n\n\n<iframe src=\"https:\/\/www.google.com\/maps\/embed?pb=!1m18!1m12!1m3!1d2546.9353385821414!2d3.911841715880287!3d50.33045760388439!2m3!1f0!2f0!3f0!3m2!1i1024!2i768!4f13.1!3m3!1m2!1s0x47c2519eaaedbacd%3A0x2e98f96385aebd58!2sEmmanuel%20Panfil%20Conseiller%20conjugal%20et%20familial!5e0!3m2!1sfr!2sbe!4v1641823603229!5m2!1sfr!2sbe\" width=\"600\" height=\"450\" style=\"border:0;\" allowfullscreen=\"\" loading=\"lazy\"><\/iframe>\n","protected":false},"excerpt":{"rendered":"<p>Consultations uniquement sur rendez-vous \u00ab Vous souhaitez en savoir plus ou prendre rendez-vous ? Contactez-moi ici. \u00bb Dur\u00e9e et prix des consultations : Types de consultations Dur\u00e9e Prix \/ s\u00e9ance Consultation individuelle 1 heure 60 \u20ac Consultation de couple \/ Sexologie clinique 1 H 15 75 \u20ac Consultation familiale 1 H 15 75 \u20ac Consultation&#8230;<\/p>\n","protected":false},"author":1,"featured_media":0,"parent":0,"menu_order":0,"comment_status":"closed","ping_status":"closed","template":"","meta":{"footnotes":""},"class_list":["post-161","page","type-page","status-publish","hentry"],"yoast_head":"<!-- This site is optimized with the Yoast SEO plugin v27.3 - https:\/\/yoast.com\/product\/yoast-seo-wordpress\/ -->\n<title>Informations pratiques - Emmanuel Panfil<\/title>\n<meta name=\"description\" content=\"Dur\u00e9e et co\u00fbt des diff\u00e9rents types de consultation - Cabinet \u00e0 7040 Qu\u00e9vy-Le-Grand pr\u00e8s de Mons et de Maubeuge\" \/>\n<meta name=\"robots\" content=\"index, follow, max-snippet:-1, max-image-preview:large, max-video-preview:-1\" \/>\n<link rel=\"canonical\" href=\"https:\/\/epccf.com\/index.php\/en-pratique\/\" \/>\n<meta property=\"og:locale\" content=\"fr_FR\" \/>\n<meta property=\"og:type\" content=\"article\" \/>\n<meta property=\"og:title\" content=\"Informations pratiques - Emmanuel Panfil\" \/>\n<meta property=\"og:description\" content=\"Dur\u00e9e et co\u00fbt des diff\u00e9rents types de consultation - Cabinet \u00e0 7040 Qu\u00e9vy-Le-Grand pr\u00e8s de Mons et de Maubeuge\" \/>\n<meta property=\"og:url\" content=\"https:\/\/epccf.com\/index.php\/en-pratique\/\" \/>\n<meta property=\"og:site_name\" content=\"Emmanuel Panfil\" \/>\n<meta property=\"article:publisher\" content=\"https:\/\/www.facebook.com\/emmanuel.panfil\" \/>\n<meta property=\"article:modified_time\" content=\"2026-02-20T14:36:10+00:00\" \/>\n<meta property=\"og:image\" content=\"https:\/\/epccf.com\/wp-content\/uploads\/2022\/01\/favicon.png\" \/>\n\t<meta property=\"og:image:width\" content=\"32\" \/>\n\t<meta property=\"og:image:height\" content=\"32\" \/>\n\t<meta property=\"og:image:type\" content=\"image\/png\" \/>\n<meta name=\"twitter:card\" content=\"summary_large_image\" \/>\n<meta name=\"twitter:label1\" content=\"Dur\u00e9e de lecture estim\u00e9e\" \/>\n\t<meta name=\"twitter:data1\" content=\"2 minutes\" \/>\n<script type=\"application\/ld+json\" class=\"yoast-schema-graph\">{\"@context\":\"https:\\\/\\\/schema.org\",\"@graph\":[{\"@type\":\"WebPage\",\"@id\":\"https:\\\/\\\/epccf.com\\\/index.php\\\/en-pratique\\\/\",\"url\":\"https:\\\/\\\/epccf.com\\\/index.php\\\/en-pratique\\\/\",\"name\":\"Informations pratiques - Emmanuel Panfil\",\"isPartOf\":{\"@id\":\"https:\\\/\\\/epccf.com\\\/#website\"},\"primaryImageOfPage\":{\"@id\":\"https:\\\/\\\/epccf.com\\\/index.php\\\/en-pratique\\\/#primaryimage\"},\"image\":{\"@id\":\"https:\\\/\\\/epccf.com\\\/index.php\\\/en-pratique\\\/#primaryimage\"},\"thumbnailUrl\":\"https:\\\/\\\/epccf.com\\\/wp-content\\\/uploads\\\/2022\\\/01\\\/favicon.png\",\"datePublished\":\"2022-01-10T15:13:01+00:00\",\"dateModified\":\"2026-02-20T14:36:10+00:00\",\"description\":\"Dur\u00e9e et co\u00fbt des diff\u00e9rents types de consultation - Cabinet \u00e0 7040 Qu\u00e9vy-Le-Grand pr\u00e8s de Mons et de Maubeuge\",\"breadcrumb\":{\"@id\":\"https:\\\/\\\/epccf.com\\\/index.php\\\/en-pratique\\\/#breadcrumb\"},\"inLanguage\":\"fr-FR\",\"potentialAction\":[{\"@type\":\"ReadAction\",\"target\":[\"https:\\\/\\\/epccf.com\\\/index.php\\\/en-pratique\\\/\"]}]},{\"@type\":\"ImageObject\",\"inLanguage\":\"fr-FR\",\"@id\":\"https:\\\/\\\/epccf.com\\\/index.php\\\/en-pratique\\\/#primaryimage\",\"url\":\"https:\\\/\\\/epccf.com\\\/wp-content\\\/uploads\\\/2022\\\/01\\\/favicon.png\",\"contentUrl\":\"https:\\\/\\\/epccf.com\\\/wp-content\\\/uploads\\\/2022\\\/01\\\/favicon.png\",\"width\":32,\"height\":32},{\"@type\":\"BreadcrumbList\",\"@id\":\"https:\\\/\\\/epccf.com\\\/index.php\\\/en-pratique\\\/#breadcrumb\",\"itemListElement\":[{\"@type\":\"ListItem\",\"position\":1,\"name\":\"Accueil\",\"item\":\"https:\\\/\\\/epccf.com\\\/\"},{\"@type\":\"ListItem\",\"position\":2,\"name\":\"Informations pratiques\"}]},{\"@type\":\"WebSite\",\"@id\":\"https:\\\/\\\/epccf.com\\\/#website\",\"url\":\"https:\\\/\\\/epccf.com\\\/\",\"name\":\"EPCCF\",\"description\":\"Th\u00e9rapie individuelle, du couple et de la famille - Sexologue clinicien\",\"publisher\":{\"@id\":\"https:\\\/\\\/epccf.com\\\/#organization\"},\"potentialAction\":[{\"@type\":\"SearchAction\",\"target\":{\"@type\":\"EntryPoint\",\"urlTemplate\":\"https:\\\/\\\/epccf.com\\\/?s={search_term_string}\"},\"query-input\":{\"@type\":\"PropertyValueSpecification\",\"valueRequired\":true,\"valueName\":\"search_term_string\"}}],\"inLanguage\":\"fr-FR\"},{\"@type\":\"Organization\",\"@id\":\"https:\\\/\\\/epccf.com\\\/#organization\",\"name\":\"Emmanuel Panfil conseiller conjugal et familial\",\"url\":\"https:\\\/\\\/epccf.com\\\/\",\"logo\":{\"@type\":\"ImageObject\",\"inLanguage\":\"fr-FR\",\"@id\":\"https:\\\/\\\/epccf.com\\\/#\\\/schema\\\/logo\\\/image\\\/\",\"url\":\"https:\\\/\\\/epccf.com\\\/wp-content\\\/uploads\\\/2022\\\/02\\\/logo2.png\",\"contentUrl\":\"https:\\\/\\\/epccf.com\\\/wp-content\\\/uploads\\\/2022\\\/02\\\/logo2.png\",\"width\":358,\"height\":317,\"caption\":\"Emmanuel Panfil conseiller conjugal et familial\"},\"image\":{\"@id\":\"https:\\\/\\\/epccf.com\\\/#\\\/schema\\\/logo\\\/image\\\/\"},\"sameAs\":[\"https:\\\/\\\/www.facebook.com\\\/emmanuel.panfil\",\"https:\\\/\\\/www.instagram.com\\\/panfil_emmanuel\\\/\"]}]}<\/script>\n<!-- \/ Yoast SEO plugin. -->","yoast_head_json":{"title":"Informations pratiques - Emmanuel Panfil","description":"Dur\u00e9e et co\u00fbt des diff\u00e9rents types de consultation - Cabinet \u00e0 7040 Qu\u00e9vy-Le-Grand pr\u00e8s de Mons et de Maubeuge","robots":{"index":"index","follow":"follow","max-snippet":"max-snippet:-1","max-image-preview":"max-image-preview:large","max-video-preview":"max-video-preview:-1"},"canonical":"https:\/\/epccf.com\/index.php\/en-pratique\/","og_locale":"fr_FR","og_type":"article","og_title":"Informations pratiques - Emmanuel Panfil","og_description":"Dur\u00e9e et co\u00fbt des diff\u00e9rents types de consultation - Cabinet \u00e0 7040 Qu\u00e9vy-Le-Grand pr\u00e8s de Mons et de Maubeuge","og_url":"https:\/\/epccf.com\/index.php\/en-pratique\/","og_site_name":"Emmanuel Panfil","article_publisher":"https:\/\/www.facebook.com\/emmanuel.panfil","article_modified_time":"2026-02-20T14:36:10+00:00","og_image":[{"width":32,"height":32,"url":"https:\/\/epccf.com\/wp-content\/uploads\/2022\/01\/favicon.png","type":"image\/png"}],"twitter_card":"summary_large_image","twitter_misc":{"Dur\u00e9e de lecture estim\u00e9e":"2 minutes"},"schema":{"@context":"https:\/\/schema.org","@graph":[{"@type":"WebPage","@id":"https:\/\/epccf.com\/index.php\/en-pratique\/","url":"https:\/\/epccf.com\/index.php\/en-pratique\/","name":"Informations pratiques - Emmanuel Panfil","isPartOf":{"@id":"https:\/\/epccf.com\/#website"},"primaryImageOfPage":{"@id":"https:\/\/epccf.com\/index.php\/en-pratique\/#primaryimage"},"image":{"@id":"https:\/\/epccf.com\/index.php\/en-pratique\/#primaryimage"},"thumbnailUrl":"https:\/\/epccf.com\/wp-content\/uploads\/2022\/01\/favicon.png","datePublished":"2022-01-10T15:13:01+00:00","dateModified":"2026-02-20T14:36:10+00:00","description":"Dur\u00e9e et co\u00fbt des diff\u00e9rents types de consultation - Cabinet \u00e0 7040 Qu\u00e9vy-Le-Grand pr\u00e8s de Mons et de Maubeuge","breadcrumb":{"@id":"https:\/\/epccf.com\/index.php\/en-pratique\/#breadcrumb"},"inLanguage":"fr-FR","potentialAction":[{"@type":"ReadAction","target":["https:\/\/epccf.com\/index.php\/en-pratique\/"]}]},{"@type":"ImageObject","inLanguage":"fr-FR","@id":"https:\/\/epccf.com\/index.php\/en-pratique\/#primaryimage","url":"https:\/\/epccf.com\/wp-content\/uploads\/2022\/01\/favicon.png","contentUrl":"https:\/\/epccf.com\/wp-content\/uploads\/2022\/01\/favicon.png","width":32,"height":32},{"@type":"BreadcrumbList","@id":"https:\/\/epccf.com\/index.php\/en-pratique\/#breadcrumb","itemListElement":[{"@type":"ListItem","position":1,"name":"Accueil","item":"https:\/\/epccf.com\/"},{"@type":"ListItem","position":2,"name":"Informations pratiques"}]},{"@type":"WebSite","@id":"https:\/\/epccf.com\/#website","url":"https:\/\/epccf.com\/","name":"EPCCF","description":"Th\u00e9rapie individuelle, du couple et de la famille - Sexologue clinicien","publisher":{"@id":"https:\/\/epccf.com\/#organization"},"potentialAction":[{"@type":"SearchAction","target":{"@type":"EntryPoint","urlTemplate":"https:\/\/epccf.com\/?s={search_term_string}"},"query-input":{"@type":"PropertyValueSpecification","valueRequired":true,"valueName":"search_term_string"}}],"inLanguage":"fr-FR"},{"@type":"Organization","@id":"https:\/\/epccf.com\/#organization","name":"Emmanuel Panfil conseiller conjugal et familial","url":"https:\/\/epccf.com\/","logo":{"@type":"ImageObject","inLanguage":"fr-FR","@id":"https:\/\/epccf.com\/#\/schema\/logo\/image\/","url":"https:\/\/epccf.com\/wp-content\/uploads\/2022\/02\/logo2.png","contentUrl":"https:\/\/epccf.com\/wp-content\/uploads\/2022\/02\/logo2.png","width":358,"height":317,"caption":"Emmanuel Panfil conseiller conjugal et familial"},"image":{"@id":"https:\/\/epccf.com\/#\/schema\/logo\/image\/"},"sameAs":["https:\/\/www.facebook.com\/emmanuel.panfil","https:\/\/www.instagram.com\/panfil_emmanuel\/"]}]}},"_links":{"self":[{"href":"https:\/\/epccf.com\/index.php\/wp-json\/wp\/v2\/pages\/161","targetHints":{"allow":["GET"]}}],"collection":[{"href":"https:\/\/epccf.com\/index.php\/wp-json\/wp\/v2\/pages"}],"about":[{"href":"https:\/\/epccf.com\/index.php\/wp-json\/wp\/v2\/types\/page"}],"author":[{"embeddable":true,"href":"https:\/\/epccf.com\/index.php\/wp-json\/wp\/v2\/users\/1"}],"replies":[{"embeddable":true,"href":"https:\/\/epccf.com\/index.php\/wp-json\/wp\/v2\/comments?post=161"}],"version-history":[{"count":23,"href":"https:\/\/epccf.com\/index.php\/wp-json\/wp\/v2\/pages\/161\/revisions"}],"predecessor-version":[{"id":979,"href":"https:\/\/epccf.com\/index.php\/wp-json\/wp\/v2\/pages\/161\/revisions\/979"}],"wp:attachment":[{"href":"https:\/\/epccf.com\/index.php\/wp-json\/wp\/v2\/media?parent=161"}],"curies":[{"name":"wp","href":"https:\/\/api.w.org\/{rel}","templated":true}]}}