{"id":3,"date":"2022-01-02T11:23:06","date_gmt":"2022-01-02T10:23:06","guid":{"rendered":"https:\/\/epccf.com\/?page_id=3"},"modified":"2026-03-24T12:39:54","modified_gmt":"2026-03-24T11:39:54","slug":"vie-privee","status":"publish","type":"page","link":"https:\/\/epccf.com\/index.php\/vie-privee\/","title":{"rendered":"Politique de confidentialit\u00e9"},"content":{"rendered":"\n<p>RGPD<\/p>\n\n\n\n<h2 class=\"wp-block-heading\">Qui sommes-nous&nbsp;?<\/h2>\n\n\n\n<p>L\u2019adresse de notre site est&nbsp;: https:\/\/epccf.com.<\/p>\n\n\n\n<p><\/p>\n\n\n\n<h2 class=\"wp-block-heading\">M\u00e9dias<\/h2>\n\n\n\n<p>Les images sont libres de droits, mais leur usage est conditionn\u00e9 par le site \u00e0 partir duquel ces images ont \u00e9t\u00e9 import\u00e9es.<\/p>\n\n\n\n<p>Les vid\u00e9os ne sont pas libres de droits et sont la propri\u00e9t\u00e9 de Panfil Emmanuel ou de ces ayants droit.<\/p>\n\n\n\n<h2 class=\"wp-block-heading\">Cookies<\/h2>\n\n\n\n<p>Si vous vous rendez sur la page de connexion, un cookie temporaire sera cr\u00e9\u00e9 afin de d\u00e9terminer si votre navigateur accepte les cookies. Il ne contient pas de donn\u00e9es personnelles et sera supprim\u00e9 automatiquement \u00e0 la fermeture de votre navigateur.<\/p>\n\n\n\n<p>Lorsque vous vous connecterez, nous mettrons en place un certain nombre de cookies pour enregistrer vos informations de connexion et vos pr\u00e9f\u00e9rences d\u2019\u00e9cran. La dur\u00e9e de vie d\u2019un cookie de connexion est de deux jours, celle d\u2019un cookie d\u2019option d\u2019\u00e9cran est d\u2019un an. Si vous cochez \u00ab&nbsp;Se souvenir de moi&nbsp;\u00bb, votre cookie de connexion sera conserv\u00e9 pendant deux semaines. Si vous vous d\u00e9connectez de votre compte, le cookie de connexion sera effac\u00e9.<\/p>\n\n\n\n<p>&#8211;&gt; <a href=\"https:\/\/epccf.com\/index.php\/politique-de-cookies-ue\/\">https:\/\/epccf.com\/index.php\/politique-de-cookies-ue\/<\/a><\/p>\n\n\n\n<h2 class=\"wp-block-heading\">Formulaire de contact<\/h2>\n\n\n\n<h3 class=\"wp-block-heading\"><strong>Formulaire de contact (Contact Form 7)<\/strong><\/h3>\n\n\n\n<p>Lorsque vous utilisez le formulaire de contact sur ce site, nous collectons et traitons les donn\u00e9es que vous nous communiquez (par exemple : nom, pr\u00e9nom, adresse e\u2011mail, num\u00e9ro de t\u00e9l\u00e9phone, contenu de votre message).<\/p>\n\n\n\n<p><br><strong>Responsable du traitement :<\/strong><\/p>\n\n\n\n<ul class=\"wp-block-list\">\n<li>Emmanuel Panfil<\/li>\n\n\n\n<li>Rue des Lani\u00e8res 9F, 7040 Qu\u00e9vy-Le-Grand<\/li>\n\n\n\n<li>+32 (0) 497 861 777<\/li>\n\n\n\n<li>contact@epccf.com<\/li>\n<\/ul>\n\n\n\n<h4 class=\"wp-block-heading\"><strong>Finalit\u00e9 du traitement<\/strong><\/h4>\n\n\n\n<p>Ces donn\u00e9es sont utilis\u00e9es uniquement pour traiter votre demande, vous r\u00e9pondre et, le cas \u00e9ch\u00e9ant, pr\u00e9parer une \u00e9ventuelle prise de rendez\u2011vous ou collaboration. Elles ne sont pas utilis\u00e9es \u00e0 d\u2019autres fins (prospection commerciale, newsletter, etc.) sans votre consentement sp\u00e9cifique.<\/p>\n\n\n\n<p><br><strong>Base l\u00e9gale<\/strong><\/p>\n\n\n\n<p>Le traitement repose sur votre consentement (article 6.1.a RGPD), mat\u00e9rialis\u00e9 par la case \u00e0 cocher du formulaire, et\/ou sur notre int\u00e9r\u00eat l\u00e9gitime \u00e0 r\u00e9pondre aux demandes adress\u00e9es \u00e0 notre cabinet (article 6.1.f RGPD).<\/p>\n\n\n\n<p><br><strong>Destinataires<\/strong><\/p>\n\n\n\n<p>Vos donn\u00e9es sont accessibles uniquement au responsable du traitement et, le cas \u00e9ch\u00e9ant, \u00e0 ses collaborateurs soumis au secret professionnel ou \u00e0 une obligation de confidentialit\u00e9. Les donn\u00e9es peuvent transiter par notre h\u00e9bergeur de site internet et notre fournisseur de messagerie \u00e9lectronique en tant que sous\u2011traitants techniques.<\/p>\n\n\n\n<p><br><strong>Dur\u00e9e de conservation<\/strong><\/p>\n\n\n\n<p>Les donn\u00e9es envoy\u00e9es via le formulaire de contact sont conserv\u00e9es pendant la dur\u00e9e n\u00e9cessaire au traitement de votre demande, puis pour une dur\u00e9e maximale de 12 mois sauf si une relation th\u00e9rapeutique ou contractuelle est \u00e9tablie (dans ce cas, les r\u00e8gles de conservation du dossier patient s\u2019appliquent).<\/p>\n\n\n\n<p><br><strong>Caract\u00e8re obligatoire des donn\u00e9es<\/strong><\/p>\n\n\n\n<p>Certains champs du formulaire sont obligatoires pour pouvoir traiter votre demande (par exemple vos coordonn\u00e9es de contact). Sans ces informations, nous ne pourrons pas vous r\u00e9pondre.<\/p>\n\n\n\n<p><br><strong>Vos droits<\/strong><\/p>\n\n\n\n<p>Vous pouvez demander l\u2019acc\u00e8s, la rectification, l\u2019effacement ou la limitation du traitement de vos donn\u00e9es, ou vous opposer au traitement, dans les limites pr\u00e9vues par le RGPD. Vous pouvez exercer ces droits en nous contactant \u00e0 contact@epccf.com. Vous avez \u00e9galement le droit d\u2019introduire une r\u00e9clamation aupr\u00e8s de l\u2019Autorit\u00e9 de protection des donn\u00e9es (www.autoriteprotectiondonnees.be).<\/p>\n\n\n\n<h2 class=\"wp-block-heading\">Contenu embarqu\u00e9 depuis d\u2019autres sites<\/h2>\n\n\n\n<p>Les articles de ce site peuvent inclure des contenus int\u00e9gr\u00e9s (par exemple des vid\u00e9os, images, articles\u2026). Le contenu int\u00e9gr\u00e9 depuis d\u2019autres sites se comporte de la m\u00eame mani\u00e8re que si le visiteur se rendait sur cet autre site.<\/p>\n\n\n\n<p>Ces sites web pourraient collecter des donn\u00e9es sur vous, utiliser des cookies, embarquer des outils de suivis tiers, suivre vos interactions avec ces contenus embarqu\u00e9s si vous disposez d\u2019un compte connect\u00e9 sur leur site web.<\/p>\n\n\n\n<h2 class=\"wp-block-heading\">Utilisation et transmission de vos donn\u00e9es personnelles<\/h2>\n\n\n\n<p>Aucune donn\u00e9e n&rsquo;est transmise \u00e0 des tiers par nos soins<\/p>\n\n\n\n<h2 class=\"wp-block-heading\">Dur\u00e9es de stockage de vos donn\u00e9es<\/h2>\n\n\n\n<p>Nous ne stockons pas de donn\u00e9es hormis celles transmises \u00e0 partir du formulaire de contact.<\/p>\n\n\n\n<h2 class=\"wp-block-heading\">Les droits que vous avez sur vos donn\u00e9es<\/h2>\n\n\n\n<p>Vous pouvez demander \u00e0 recevoir un fichier contenant toutes les donn\u00e9es personnelles que nous poss\u00e9dons \u00e0 votre sujet, incluant celles que vous nous avez fournies. Vous pouvez \u00e9galement demander la suppression des donn\u00e9es personnelles vous concernant. Cela ne prend pas en compte les donn\u00e9es stock\u00e9es \u00e0 des fins administratives, l\u00e9gales ou pour des raisons de s\u00e9curit\u00e9.<\/p>\n\n\n\n<h2 class=\"wp-block-heading\">LiteSpeed Cache<\/h2>\n\n\n\n<p>Ce site utilise la mise en cache afin de faciliter un temps de r\u00e9ponse plus rapide et une meilleure exp\u00e9rience utilisateur. La mise en cache stocke potentiellement une copie de chaque page web affich\u00e9e sur ce site. Tous les fichiers de cache sont temporaires et ne sont jamais accessibles \u00e0 un tiers, sauf si cela est n\u00e9cessaire pour obtenir le support technique du fournisseur de l\u2019extension de cache. Les fichiers cache expirent selon une planification fix\u00e9e par l\u2019administrateur du site, mais peuvent facilement \u00eatre purg\u00e9s par l\u2019administrateur avant leur expiration naturelle, si n\u00e9cessaire.Veuillez voir&nbsp;<a href=\"https:\/\/quic.cloud\/privacy-policy\/\" target=\"_blank\" rel=\"noreferrer noopener\">https:\/\/quic.cloud\/privacy-policy\/<\/a>&nbsp;pour plus de d\u00e9tails.<\/p>\n\n\n\n<h2 class=\"wp-block-heading\">Privacy Suite for WordPress de Complianz<\/h2>\n\n\n\n<p>Ce site web utilise la Privacy Suite for WordPress de Complianz pour collecter et enregistrer le consentement bas\u00e9 sur le navigateur et l\u2019appareil. Pour cette fonctionnalit\u00e9, votre adresse IP est anonymis\u00e9e et stock\u00e9e dans notre base de donn\u00e9es.\u00a0Ce service ne traite aucune information permettant d\u2019identifier une personne et ne partage aucune donn\u00e9e avec le prestataire de services.\u00a0Pour plus d\u2019informations, consultez la\u00a0<a href=\"https:\/\/complianz.io\/legal\/privacy-statement\/\">D\u00e9claration de confidentialit\u00e9<\/a>\u00a0de Complianz.<\/p>\n\n\n\n<h2 class=\"wp-block-heading\">Vid\u00e9osurveillance de l\u2019immeuble<\/h2>\n\n\n\n<p>Le b\u00e2timent (habitation et cabinet) est \u00e9quip\u00e9 d\u2019un syst\u00e8me de&nbsp;<strong>cam\u00e9ras de surveillance<\/strong>&nbsp;visant \u00e0 assurer la s\u00e9curit\u00e9 des personnes et des biens. Les cam\u00e9ras filment les acc\u00e8s ext\u00e9rieurs (portes, entr\u00e9e, parking priv\u00e9) et ne sont pas destin\u00e9es \u00e0 surveiller les patients dans les locaux de consultation.<\/p>\n\n\n\n<p><strong>Responsable du traitement :<\/strong> <\/p>\n\n\n\n<ul class=\"wp-block-list\">\n<li>Emmanuel Panfil<\/li>\n\n\n\n<li>Rue des Lani\u00e8res 9F, 7040 Qu\u00e9vy-Le-Grand<\/li>\n\n\n\n<li>+32 (0) 497 861 777<\/li>\n\n\n\n<li>contact@epccf.com<\/li>\n<\/ul>\n\n\n\n<p><strong>Base l\u00e9gale :<\/strong>&nbsp;<strong>int\u00e9r\u00eat l\u00e9gitime<\/strong>&nbsp;(article 6.1.f RGPD).<br><strong>Dur\u00e9e de conservation :<\/strong> les images sont conserv\u00e9es&nbsp;<strong>maximum 30 jours<\/strong>, sauf en cas d\u2019incident justifiant une conservation plus longue (ex. enqu\u00eate polici\u00e8re).<br><strong>Acc\u00e8s aux images :<\/strong> r\u00e9serv\u00e9 au responsable du traitement et, le cas \u00e9ch\u00e9ant, aux autorit\u00e9s comp\u00e9tentes (police, justice) en cas d\u2019incident.<br><strong>Droits des personnes :<\/strong> toute personne film\u00e9e dispose d\u2019un&nbsp;<strong>droit d\u2019acc\u00e8s<\/strong>&nbsp;aux images la concernant, dans les limites pr\u00e9vues par la loi cam\u00e9ras et le RGPD. Les demandes peuvent \u00eatre adress\u00e9es \u00e0&nbsp;contact@epccf.com<\/p>\n\n\n\n<p><\/p>\n\n\n\n<p><\/p>\n","protected":false},"excerpt":{"rendered":"<p>RGPD Qui sommes-nous&nbsp;? L\u2019adresse de notre site est&nbsp;: https:\/\/epccf.com. M\u00e9dias Les images sont libres de droits, mais leur usage est conditionn\u00e9 par le site \u00e0 partir duquel ces images ont \u00e9t\u00e9 import\u00e9es. Les vid\u00e9os ne sont pas libres de droits et sont la propri\u00e9t\u00e9 de Panfil Emmanuel ou de ces ayants droit. Cookies Si vous&#8230;<\/p>\n","protected":false},"author":1,"featured_media":0,"parent":0,"menu_order":0,"comment_status":"closed","ping_status":"open","template":"","meta":{"footnotes":""},"class_list":["post-3","page","type-page","status-publish","hentry"],"yoast_head":"<!-- This site is optimized with the Yoast SEO plugin v27.5 - https:\/\/yoast.com\/product\/yoast-seo-wordpress\/ -->\n<title>Politique de confidentialit\u00e9 - Emmanuel Panfil<\/title>\n<meta name=\"description\" content=\"RGPD du site epccf.com - Panfil Emmanuel - Sexologue clinicien et conseiller conjugal et familial - Mons - Maubeuge\" \/>\n<meta name=\"robots\" content=\"index, follow, max-snippet:-1, max-image-preview:large, max-video-preview:-1\" \/>\n<link rel=\"canonical\" href=\"https:\/\/epccf.com\/index.php\/vie-privee\/\" \/>\n<meta property=\"og:locale\" content=\"fr_FR\" \/>\n<meta property=\"og:type\" content=\"article\" \/>\n<meta property=\"og:title\" content=\"Politique de confidentialit\u00e9 - Emmanuel Panfil\" \/>\n<meta property=\"og:description\" content=\"RGPD du site epccf.com - Panfil Emmanuel - Sexologue clinicien et conseiller conjugal et familial - Mons - Maubeuge\" \/>\n<meta property=\"og:url\" content=\"https:\/\/epccf.com\/index.php\/vie-privee\/\" \/>\n<meta property=\"og:site_name\" content=\"Emmanuel Panfil\" \/>\n<meta property=\"article:publisher\" content=\"https:\/\/www.facebook.com\/emmanuel.panfil\" \/>\n<meta property=\"article:modified_time\" content=\"2026-03-24T11:39:54+00:00\" \/>\n<meta name=\"twitter:card\" content=\"summary_large_image\" \/>\n<meta name=\"twitter:label1\" content=\"Dur\u00e9e de lecture estim\u00e9e\" \/>\n\t<meta name=\"twitter:data1\" content=\"6 minutes\" \/>\n<script type=\"application\/ld+json\" class=\"yoast-schema-graph\">{\"@context\":\"https:\\\/\\\/schema.org\",\"@graph\":[{\"@type\":\"WebPage\",\"@id\":\"https:\\\/\\\/epccf.com\\\/index.php\\\/vie-privee\\\/\",\"url\":\"https:\\\/\\\/epccf.com\\\/index.php\\\/vie-privee\\\/\",\"name\":\"Politique de confidentialit\u00e9 - Emmanuel Panfil\",\"isPartOf\":{\"@id\":\"https:\\\/\\\/epccf.com\\\/#website\"},\"datePublished\":\"2022-01-02T10:23:06+00:00\",\"dateModified\":\"2026-03-24T11:39:54+00:00\",\"description\":\"RGPD du site epccf.com - Panfil Emmanuel - Sexologue clinicien et conseiller conjugal et familial - Mons - Maubeuge\",\"breadcrumb\":{\"@id\":\"https:\\\/\\\/epccf.com\\\/index.php\\\/vie-privee\\\/#breadcrumb\"},\"inLanguage\":\"fr-FR\",\"potentialAction\":[{\"@type\":\"ReadAction\",\"target\":[\"https:\\\/\\\/epccf.com\\\/index.php\\\/vie-privee\\\/\"]}]},{\"@type\":\"BreadcrumbList\",\"@id\":\"https:\\\/\\\/epccf.com\\\/index.php\\\/vie-privee\\\/#breadcrumb\",\"itemListElement\":[{\"@type\":\"ListItem\",\"position\":1,\"name\":\"Accueil\",\"item\":\"https:\\\/\\\/epccf.com\\\/\"},{\"@type\":\"ListItem\",\"position\":2,\"name\":\"Politique de confidentialit\u00e9\"}]},{\"@type\":\"WebSite\",\"@id\":\"https:\\\/\\\/epccf.com\\\/#website\",\"url\":\"https:\\\/\\\/epccf.com\\\/\",\"name\":\"EPCCF\",\"description\":\"Th\u00e9rapie individuelle, du couple et de la famille - Sexologue clinicien\",\"publisher\":{\"@id\":\"https:\\\/\\\/epccf.com\\\/#organization\"},\"potentialAction\":[{\"@type\":\"SearchAction\",\"target\":{\"@type\":\"EntryPoint\",\"urlTemplate\":\"https:\\\/\\\/epccf.com\\\/?s={search_term_string}\"},\"query-input\":{\"@type\":\"PropertyValueSpecification\",\"valueRequired\":true,\"valueName\":\"search_term_string\"}}],\"inLanguage\":\"fr-FR\"},{\"@type\":\"Organization\",\"@id\":\"https:\\\/\\\/epccf.com\\\/#organization\",\"name\":\"Emmanuel Panfil conseiller conjugal et familial\",\"url\":\"https:\\\/\\\/epccf.com\\\/\",\"logo\":{\"@type\":\"ImageObject\",\"inLanguage\":\"fr-FR\",\"@id\":\"https:\\\/\\\/epccf.com\\\/#\\\/schema\\\/logo\\\/image\\\/\",\"url\":\"https:\\\/\\\/epccf.com\\\/wp-content\\\/uploads\\\/2022\\\/02\\\/logo2.png\",\"contentUrl\":\"https:\\\/\\\/epccf.com\\\/wp-content\\\/uploads\\\/2022\\\/02\\\/logo2.png\",\"width\":358,\"height\":317,\"caption\":\"Emmanuel Panfil conseiller conjugal et familial\"},\"image\":{\"@id\":\"https:\\\/\\\/epccf.com\\\/#\\\/schema\\\/logo\\\/image\\\/\"},\"sameAs\":[\"https:\\\/\\\/www.facebook.com\\\/emmanuel.panfil\",\"https:\\\/\\\/www.instagram.com\\\/panfil_emmanuel\\\/\"]}]}<\/script>\n<!-- \/ Yoast SEO plugin. -->","yoast_head_json":{"title":"Politique de confidentialit\u00e9 - Emmanuel Panfil","description":"RGPD du site epccf.com - Panfil Emmanuel - Sexologue clinicien et conseiller conjugal et familial - Mons - Maubeuge","robots":{"index":"index","follow":"follow","max-snippet":"max-snippet:-1","max-image-preview":"max-image-preview:large","max-video-preview":"max-video-preview:-1"},"canonical":"https:\/\/epccf.com\/index.php\/vie-privee\/","og_locale":"fr_FR","og_type":"article","og_title":"Politique de confidentialit\u00e9 - Emmanuel Panfil","og_description":"RGPD du site epccf.com - Panfil Emmanuel - Sexologue clinicien et conseiller conjugal et familial - Mons - Maubeuge","og_url":"https:\/\/epccf.com\/index.php\/vie-privee\/","og_site_name":"Emmanuel Panfil","article_publisher":"https:\/\/www.facebook.com\/emmanuel.panfil","article_modified_time":"2026-03-24T11:39:54+00:00","twitter_card":"summary_large_image","twitter_misc":{"Dur\u00e9e de lecture estim\u00e9e":"6 minutes"},"schema":{"@context":"https:\/\/schema.org","@graph":[{"@type":"WebPage","@id":"https:\/\/epccf.com\/index.php\/vie-privee\/","url":"https:\/\/epccf.com\/index.php\/vie-privee\/","name":"Politique de confidentialit\u00e9 - Emmanuel Panfil","isPartOf":{"@id":"https:\/\/epccf.com\/#website"},"datePublished":"2022-01-02T10:23:06+00:00","dateModified":"2026-03-24T11:39:54+00:00","description":"RGPD du site epccf.com - Panfil Emmanuel - Sexologue clinicien et conseiller conjugal et familial - Mons - Maubeuge","breadcrumb":{"@id":"https:\/\/epccf.com\/index.php\/vie-privee\/#breadcrumb"},"inLanguage":"fr-FR","potentialAction":[{"@type":"ReadAction","target":["https:\/\/epccf.com\/index.php\/vie-privee\/"]}]},{"@type":"BreadcrumbList","@id":"https:\/\/epccf.com\/index.php\/vie-privee\/#breadcrumb","itemListElement":[{"@type":"ListItem","position":1,"name":"Accueil","item":"https:\/\/epccf.com\/"},{"@type":"ListItem","position":2,"name":"Politique de confidentialit\u00e9"}]},{"@type":"WebSite","@id":"https:\/\/epccf.com\/#website","url":"https:\/\/epccf.com\/","name":"EPCCF","description":"Th\u00e9rapie individuelle, du couple et de la famille - Sexologue clinicien","publisher":{"@id":"https:\/\/epccf.com\/#organization"},"potentialAction":[{"@type":"SearchAction","target":{"@type":"EntryPoint","urlTemplate":"https:\/\/epccf.com\/?s={search_term_string}"},"query-input":{"@type":"PropertyValueSpecification","valueRequired":true,"valueName":"search_term_string"}}],"inLanguage":"fr-FR"},{"@type":"Organization","@id":"https:\/\/epccf.com\/#organization","name":"Emmanuel Panfil conseiller conjugal et familial","url":"https:\/\/epccf.com\/","logo":{"@type":"ImageObject","inLanguage":"fr-FR","@id":"https:\/\/epccf.com\/#\/schema\/logo\/image\/","url":"https:\/\/epccf.com\/wp-content\/uploads\/2022\/02\/logo2.png","contentUrl":"https:\/\/epccf.com\/wp-content\/uploads\/2022\/02\/logo2.png","width":358,"height":317,"caption":"Emmanuel Panfil conseiller conjugal et familial"},"image":{"@id":"https:\/\/epccf.com\/#\/schema\/logo\/image\/"},"sameAs":["https:\/\/www.facebook.com\/emmanuel.panfil","https:\/\/www.instagram.com\/panfil_emmanuel\/"]}]}},"_links":{"self":[{"href":"https:\/\/epccf.com\/index.php\/wp-json\/wp\/v2\/pages\/3","targetHints":{"allow":["GET"]}}],"collection":[{"href":"https:\/\/epccf.com\/index.php\/wp-json\/wp\/v2\/pages"}],"about":[{"href":"https:\/\/epccf.com\/index.php\/wp-json\/wp\/v2\/types\/page"}],"author":[{"embeddable":true,"href":"https:\/\/epccf.com\/index.php\/wp-json\/wp\/v2\/users\/1"}],"replies":[{"embeddable":true,"href":"https:\/\/epccf.com\/index.php\/wp-json\/wp\/v2\/comments?post=3"}],"version-history":[{"count":10,"href":"https:\/\/epccf.com\/index.php\/wp-json\/wp\/v2\/pages\/3\/revisions"}],"predecessor-version":[{"id":1057,"href":"https:\/\/epccf.com\/index.php\/wp-json\/wp\/v2\/pages\/3\/revisions\/1057"}],"wp:attachment":[{"href":"https:\/\/epccf.com\/index.php\/wp-json\/wp\/v2\/media?parent=3"}],"curies":[{"name":"wp","href":"https:\/\/api.w.org\/{rel}","templated":true}]}}