{"id":305,"date":"2022-03-07T15:43:24","date_gmt":"2022-03-07T14:43:24","guid":{"rendered":"https:\/\/epccf.com\/?page_id=305"},"modified":"2024-01-18T17:41:22","modified_gmt":"2024-01-18T16:41:22","slug":"blog","status":"publish","type":"page","link":"https:\/\/epccf.com\/index.php\/blog\/","title":{"rendered":"Blog"},"content":{"rendered":"\n<p>Vous trouverez ici diff\u00e9rents articles personnels sur des th\u00e9matiques diverses, en relation avec mon m\u00e9tier et mes activit\u00e9s.<\/p>\n\n\n\n<p>Les th\u00e9matiques trait\u00e9es \u00e9tant complexes et les articles se voulant succincts et faciles \u00e0 lire, les informations propos\u00e9es ne seront jamais exhaustives.<\/p>\n\n\n\n<p>Le but de ces articles est de mettre \u00e0 votre disposition des informations d&rsquo;ordre g\u00e9n\u00e9ral.<\/p>\n\n\n\n<p>Pour les plus curieux, vous trouverez des liens vers des sites proposant des sources d&rsquo;informations plus sp\u00e9cifiques ou compl\u00e9mentaires, ainsi qu&rsquo;une \u00e9ventuelle bibliographie.<\/p>\n\n\n\n<p>Bonne lecture.<\/p>\n\n\n<ul class=\"wp-block-latest-posts__list wp-block-latest-posts\"><li><a class=\"wp-block-latest-posts__post-title\" href=\"https:\/\/epccf.com\/index.php\/2026\/04\/08\/dysfonction-erectile-comprendre-dedramatiser-et-savoir-quoi-faire\/\">Dysfonction \u00e9rectile : comprendre, d\u00e9dramatiser et savoir quoi faire<\/a><\/li>\n<li><a class=\"wp-block-latest-posts__post-title\" href=\"https:\/\/epccf.com\/index.php\/2024\/03\/08\/quest-ce-que-la-sophrologie-quel-est-son-interet-dans-quel-cadre-lutilise-t-on-quelle-est-son-degre-defficacite\/\">Qu\u2019est-ce que la sophrologie, quel est son int\u00e9r\u00eat, dans quel cadre l\u2019utilise-t-on, quelle est son degr\u00e9 d\u2019efficacit\u00e9\u00a0?<\/a><\/li>\n<li><a class=\"wp-block-latest-posts__post-title\" href=\"https:\/\/epccf.com\/index.php\/2023\/11\/26\/cancer-et-sexualite\/\">Cancer et sexualit\u00e9<\/a><\/li>\n<li><a class=\"wp-block-latest-posts__post-title\" href=\"https:\/\/epccf.com\/index.php\/2023\/11\/07\/accompagnement-sophrologique-dans-larret-du-tabac\/\">Accompagnement sophrologique dans l&rsquo;arr\u00eat du tabac<\/a><\/li>\n<li><a class=\"wp-block-latest-posts__post-title\" href=\"https:\/\/epccf.com\/index.php\/2022\/03\/17\/lepuisement-parental-ou-burn-out-parental\/\">L\u2019\u00e9puisement parental ou burn-out parental<\/a><\/li>\n<\/ul>","protected":false},"excerpt":{"rendered":"<p>Vous trouverez ici diff\u00e9rents articles personnels sur des th\u00e9matiques diverses, en relation avec mon m\u00e9tier et mes activit\u00e9s. Les th\u00e9matiques trait\u00e9es \u00e9tant complexes et les articles se voulant succincts et faciles \u00e0 lire, les informations propos\u00e9es ne seront jamais exhaustives. Le but de ces articles est de mettre \u00e0 votre disposition des informations d&rsquo;ordre g\u00e9n\u00e9ral&#8230;.<\/p>\n","protected":false},"author":1,"featured_media":0,"parent":0,"menu_order":0,"comment_status":"closed","ping_status":"closed","template":"","meta":{"footnotes":""},"class_list":["post-305","page","type-page","status-publish","hentry"],"yoast_head":"<!-- This site is optimized with the Yoast SEO plugin v27.3 - https:\/\/yoast.com\/product\/yoast-seo-wordpress\/ -->\n<title>Blog - Emmanuel Panfil<\/title>\n<meta name=\"description\" content=\"Vous d\u00e9sirez en savoir plus sur les probl\u00e9matiques li\u00e9es au burn-out parental, \u00e0 la gestion du stress, etc. ? Vous trouverez ici des informations pertinentes sur diverses th\u00e9matiques. Bonne lecture !\" \/>\n<meta name=\"robots\" content=\"index, follow, max-snippet:-1, max-image-preview:large, max-video-preview:-1\" \/>\n<link rel=\"canonical\" href=\"https:\/\/epccf.com\/index.php\/blog\/\" \/>\n<meta property=\"og:locale\" content=\"fr_FR\" \/>\n<meta property=\"og:type\" content=\"article\" \/>\n<meta property=\"og:title\" content=\"Blog - Emmanuel Panfil\" \/>\n<meta property=\"og:description\" content=\"Vous d\u00e9sirez en savoir plus sur les probl\u00e9matiques li\u00e9es au burn-out parental, \u00e0 la gestion du stress, etc. ? Vous trouverez ici des informations pertinentes sur diverses th\u00e9matiques. Bonne lecture !\" \/>\n<meta property=\"og:url\" content=\"https:\/\/epccf.com\/index.php\/blog\/\" \/>\n<meta property=\"og:site_name\" content=\"Emmanuel Panfil\" \/>\n<meta property=\"article:publisher\" content=\"https:\/\/www.facebook.com\/emmanuel.panfil\" \/>\n<meta property=\"article:modified_time\" content=\"2024-01-18T16:41:22+00:00\" \/>\n<meta name=\"twitter:card\" content=\"summary_large_image\" \/>\n<meta name=\"twitter:label1\" content=\"Dur\u00e9e de lecture estim\u00e9e\" \/>\n\t<meta name=\"twitter:data1\" content=\"1 minute\" \/>\n<script type=\"application\/ld+json\" class=\"yoast-schema-graph\">{\"@context\":\"https:\\\/\\\/schema.org\",\"@graph\":[{\"@type\":\"WebPage\",\"@id\":\"https:\\\/\\\/epccf.com\\\/index.php\\\/blog\\\/\",\"url\":\"https:\\\/\\\/epccf.com\\\/index.php\\\/blog\\\/\",\"name\":\"Blog - Emmanuel Panfil\",\"isPartOf\":{\"@id\":\"https:\\\/\\\/epccf.com\\\/#website\"},\"datePublished\":\"2022-03-07T14:43:24+00:00\",\"dateModified\":\"2024-01-18T16:41:22+00:00\",\"description\":\"Vous d\u00e9sirez en savoir plus sur les probl\u00e9matiques li\u00e9es au burn-out parental, \u00e0 la gestion du stress, etc. ? Vous trouverez ici des informations pertinentes sur diverses th\u00e9matiques. Bonne lecture !\",\"breadcrumb\":{\"@id\":\"https:\\\/\\\/epccf.com\\\/index.php\\\/blog\\\/#breadcrumb\"},\"inLanguage\":\"fr-FR\",\"potentialAction\":[{\"@type\":\"ReadAction\",\"target\":[\"https:\\\/\\\/epccf.com\\\/index.php\\\/blog\\\/\"]}]},{\"@type\":\"BreadcrumbList\",\"@id\":\"https:\\\/\\\/epccf.com\\\/index.php\\\/blog\\\/#breadcrumb\",\"itemListElement\":[{\"@type\":\"ListItem\",\"position\":1,\"name\":\"Accueil\",\"item\":\"https:\\\/\\\/epccf.com\\\/\"},{\"@type\":\"ListItem\",\"position\":2,\"name\":\"Blog\"}]},{\"@type\":\"WebSite\",\"@id\":\"https:\\\/\\\/epccf.com\\\/#website\",\"url\":\"https:\\\/\\\/epccf.com\\\/\",\"name\":\"EPCCF\",\"description\":\"Th\u00e9rapie individuelle, du couple et de la famille - Sexologue clinicien\",\"publisher\":{\"@id\":\"https:\\\/\\\/epccf.com\\\/#organization\"},\"potentialAction\":[{\"@type\":\"SearchAction\",\"target\":{\"@type\":\"EntryPoint\",\"urlTemplate\":\"https:\\\/\\\/epccf.com\\\/?s={search_term_string}\"},\"query-input\":{\"@type\":\"PropertyValueSpecification\",\"valueRequired\":true,\"valueName\":\"search_term_string\"}}],\"inLanguage\":\"fr-FR\"},{\"@type\":\"Organization\",\"@id\":\"https:\\\/\\\/epccf.com\\\/#organization\",\"name\":\"Emmanuel Panfil conseiller conjugal et familial\",\"url\":\"https:\\\/\\\/epccf.com\\\/\",\"logo\":{\"@type\":\"ImageObject\",\"inLanguage\":\"fr-FR\",\"@id\":\"https:\\\/\\\/epccf.com\\\/#\\\/schema\\\/logo\\\/image\\\/\",\"url\":\"https:\\\/\\\/epccf.com\\\/wp-content\\\/uploads\\\/2022\\\/02\\\/logo2.png\",\"contentUrl\":\"https:\\\/\\\/epccf.com\\\/wp-content\\\/uploads\\\/2022\\\/02\\\/logo2.png\",\"width\":358,\"height\":317,\"caption\":\"Emmanuel Panfil conseiller conjugal et familial\"},\"image\":{\"@id\":\"https:\\\/\\\/epccf.com\\\/#\\\/schema\\\/logo\\\/image\\\/\"},\"sameAs\":[\"https:\\\/\\\/www.facebook.com\\\/emmanuel.panfil\",\"https:\\\/\\\/www.instagram.com\\\/panfil_emmanuel\\\/\"]}]}<\/script>\n<!-- \/ Yoast SEO plugin. -->","yoast_head_json":{"title":"Blog - Emmanuel Panfil","description":"Vous d\u00e9sirez en savoir plus sur les probl\u00e9matiques li\u00e9es au burn-out parental, \u00e0 la gestion du stress, etc. ? Vous trouverez ici des informations pertinentes sur diverses th\u00e9matiques. Bonne lecture !","robots":{"index":"index","follow":"follow","max-snippet":"max-snippet:-1","max-image-preview":"max-image-preview:large","max-video-preview":"max-video-preview:-1"},"canonical":"https:\/\/epccf.com\/index.php\/blog\/","og_locale":"fr_FR","og_type":"article","og_title":"Blog - Emmanuel Panfil","og_description":"Vous d\u00e9sirez en savoir plus sur les probl\u00e9matiques li\u00e9es au burn-out parental, \u00e0 la gestion du stress, etc. ? Vous trouverez ici des informations pertinentes sur diverses th\u00e9matiques. Bonne lecture !","og_url":"https:\/\/epccf.com\/index.php\/blog\/","og_site_name":"Emmanuel Panfil","article_publisher":"https:\/\/www.facebook.com\/emmanuel.panfil","article_modified_time":"2024-01-18T16:41:22+00:00","twitter_card":"summary_large_image","twitter_misc":{"Dur\u00e9e de lecture estim\u00e9e":"1 minute"},"schema":{"@context":"https:\/\/schema.org","@graph":[{"@type":"WebPage","@id":"https:\/\/epccf.com\/index.php\/blog\/","url":"https:\/\/epccf.com\/index.php\/blog\/","name":"Blog - Emmanuel Panfil","isPartOf":{"@id":"https:\/\/epccf.com\/#website"},"datePublished":"2022-03-07T14:43:24+00:00","dateModified":"2024-01-18T16:41:22+00:00","description":"Vous d\u00e9sirez en savoir plus sur les probl\u00e9matiques li\u00e9es au burn-out parental, \u00e0 la gestion du stress, etc. ? Vous trouverez ici des informations pertinentes sur diverses th\u00e9matiques. Bonne lecture !","breadcrumb":{"@id":"https:\/\/epccf.com\/index.php\/blog\/#breadcrumb"},"inLanguage":"fr-FR","potentialAction":[{"@type":"ReadAction","target":["https:\/\/epccf.com\/index.php\/blog\/"]}]},{"@type":"BreadcrumbList","@id":"https:\/\/epccf.com\/index.php\/blog\/#breadcrumb","itemListElement":[{"@type":"ListItem","position":1,"name":"Accueil","item":"https:\/\/epccf.com\/"},{"@type":"ListItem","position":2,"name":"Blog"}]},{"@type":"WebSite","@id":"https:\/\/epccf.com\/#website","url":"https:\/\/epccf.com\/","name":"EPCCF","description":"Th\u00e9rapie individuelle, du couple et de la famille - Sexologue clinicien","publisher":{"@id":"https:\/\/epccf.com\/#organization"},"potentialAction":[{"@type":"SearchAction","target":{"@type":"EntryPoint","urlTemplate":"https:\/\/epccf.com\/?s={search_term_string}"},"query-input":{"@type":"PropertyValueSpecification","valueRequired":true,"valueName":"search_term_string"}}],"inLanguage":"fr-FR"},{"@type":"Organization","@id":"https:\/\/epccf.com\/#organization","name":"Emmanuel Panfil conseiller conjugal et familial","url":"https:\/\/epccf.com\/","logo":{"@type":"ImageObject","inLanguage":"fr-FR","@id":"https:\/\/epccf.com\/#\/schema\/logo\/image\/","url":"https:\/\/epccf.com\/wp-content\/uploads\/2022\/02\/logo2.png","contentUrl":"https:\/\/epccf.com\/wp-content\/uploads\/2022\/02\/logo2.png","width":358,"height":317,"caption":"Emmanuel Panfil conseiller conjugal et familial"},"image":{"@id":"https:\/\/epccf.com\/#\/schema\/logo\/image\/"},"sameAs":["https:\/\/www.facebook.com\/emmanuel.panfil","https:\/\/www.instagram.com\/panfil_emmanuel\/"]}]}},"_links":{"self":[{"href":"https:\/\/epccf.com\/index.php\/wp-json\/wp\/v2\/pages\/305","targetHints":{"allow":["GET"]}}],"collection":[{"href":"https:\/\/epccf.com\/index.php\/wp-json\/wp\/v2\/pages"}],"about":[{"href":"https:\/\/epccf.com\/index.php\/wp-json\/wp\/v2\/types\/page"}],"author":[{"embeddable":true,"href":"https:\/\/epccf.com\/index.php\/wp-json\/wp\/v2\/users\/1"}],"replies":[{"embeddable":true,"href":"https:\/\/epccf.com\/index.php\/wp-json\/wp\/v2\/comments?post=305"}],"version-history":[{"count":6,"href":"https:\/\/epccf.com\/index.php\/wp-json\/wp\/v2\/pages\/305\/revisions"}],"predecessor-version":[{"id":390,"href":"https:\/\/epccf.com\/index.php\/wp-json\/wp\/v2\/pages\/305\/revisions\/390"}],"wp:attachment":[{"href":"https:\/\/epccf.com\/index.php\/wp-json\/wp\/v2\/media?parent=305"}],"curies":[{"name":"wp","href":"https:\/\/api.w.org\/{rel}","templated":true}]}}