{"id":837,"date":"2025-06-23T12:08:31","date_gmt":"2025-06-23T10:08:31","guid":{"rendered":"https:\/\/epccf.com\/?page_id=837"},"modified":"2026-02-20T15:35:50","modified_gmt":"2026-02-20T14:35:50","slug":"sexologie-clinique-sexualite","status":"publish","type":"page","link":"https:\/\/epccf.com\/index.php\/sexologie-clinique-sexualite\/","title":{"rendered":"Sexologie clinique"},"content":{"rendered":"\n<h2 class=\"wp-block-heading\">La sant\u00e9 sexuelle<\/h2>\n\n\n\n<h3 class=\"wp-block-heading\">L&rsquo;OMS d\u00e9finit la sant\u00e9 sexuelle comme :<\/h3>\n\n\n\n<p>\u00ab &#8230;un \u00e9tat de bien-\u00eatre physique, mental et social eu \u00e9gard \u00e0 la sexualit\u00e9, qui ne consiste pas seulement en une absence de maladie, de dysfonctionnement ou d&rsquo;infirmit\u00e9. La sant\u00e9 sexuelle s&rsquo;entend comme une approche positive et respectueuse de la sexualit\u00e9 et des relations sexuelles, ainsi que comme la possibilit\u00e9 de vivre des exp\u00e9riences sexuelles agr\u00e9ables et s\u00fbres, exemptes de coercition, de discrimination et de violence. Pour que la sant\u00e9 sexuelle soit assur\u00e9e et prot\u00e9g\u00e9e, les droits sexuels de toutes les personnes doivent \u00eatre respect\u00e9s, prot\u00e9g\u00e9s et appliqu\u00e9s \u00bb. \u201d&nbsp;<em>(OMS, 2006a)<\/em><\/p>\n\n\n\n<h3 class=\"wp-block-heading\">Pr\u00e9valence<\/h3>\n\n\n\n<p>Les troubles sexuels sont fr\u00e9quents dans la population g\u00e9n\u00e9rale : selon certaines \u00e9tudes, ils pourraient concerner plus de 40 % des femmes et 30 % des hommes <a href=\"https:\/\/www.revmed.ch\/revue-medicale-suisse\/2016\/revue-medicale-suisse-510\/troubles-sexuels-chez-les-patients-atteints-d-un-trouble-psychiatrique#tab=tab-references\">[1]<\/a>.<\/p>\n\n\n\n<h2 class=\"wp-block-heading\">La consultation chez un sexologue clinicien<\/h2>\n\n\n\n<p>Il n\u2019est jamais simple de consulter pour une difficult\u00e9 sexuelle. Il s\u2019agit d\u2019un domaine intime, souvent entour\u00e9 de tabous, de honte, de culpabilit\u00e9, ou encore de normes sociales et culturelles pesantes.<\/p>\n\n\n\n<p>Le d\u00e9lai entre l\u2019apparition d\u2019un trouble sexuel et la premi\u00e8re consultation peut aller de plusieurs mois \u00e0 plusieurs ann\u00e9es. Ce silence prolonge la souffrance, souvent par manque d\u2019information ou par banalisation de certains troubles, notamment li\u00e9s \u00e0 l\u2019\u00e2ge.<\/p>\n\n\n\n<h2 class=\"wp-block-heading\">Pourquoi est-ce important de consulter ?<\/h2>\n\n\n\n<h3 class=\"wp-block-heading\">Risques m\u00e9dicaux associ\u00e9s (comorbidit\u00e9s)<\/h3>\n\n\n\n<p>Un trouble sexuel peut \u00eatre le sympt\u00f4me ou la cons\u00e9quence d\u2019un probl\u00e8me m\u00e9dical plus large, parfois grave :<\/p>\n\n\n\n<ul class=\"wp-block-list\">\n<li>Maladies cardiovasculaires ;<\/li>\n\n\n\n<li>Diab\u00e8te ;<\/li>\n\n\n\n<li>Troubles neurologiques ;<\/li>\n\n\n\n<li>D\u00e9s\u00e9quilibres hormonaux ;<\/li>\n\n\n\n<li>Effets secondaires de traitements m\u00e9dicaux.<\/li>\n<\/ul>\n\n\n\n<p>Il est donc essentiel de consid\u00e9rer la sexualit\u00e9 comme un indicateur de sant\u00e9 globale.<\/p>\n\n\n\n<p>Consulter pour un trouble sexuel devrait \u00eatre aussi \u00ab\u00a0naturel\u00a0\u00bb que de consulter son m\u00e9decin g\u00e9n\u00e9raliste ou n&rsquo;importe quel sp\u00e9cialiste d\u00e8s l&rsquo;instant o\u00f9 vous sentez que quelque chose ne va pas.<\/p>\n\n\n\n<h3 class=\"wp-block-heading\">Les risques psychologiques et relationnels<\/h3>\n\n\n\n<p>Quelle que soit son origine (biologique, physiologique, m\u00e9dicale,\u2026), un trouble sexuel peut avoir un impact \u00e9motionnel et relationnel important, c&rsquo;est relativement fr\u00e9quent : perte d\u2019estime de soi, isolement, conflits de couple, etc.<\/p>\n\n\n\n<h2 class=\"wp-block-heading\">Les principaux troubles sexuels (homme &#8211; femme)<\/h2>\n\n\n\n<h3 class=\"wp-block-heading\">Les troubles du d\u00e9sir<\/h3>\n\n\n\n<ul class=\"wp-block-list\">\n<li>Trouble du d\u00e9sir hypoactif ;<\/li>\n\n\n\n<li>Trouble de l&rsquo;hypersexualit\u00e9.<\/li>\n<\/ul>\n\n\n\n<h3 class=\"wp-block-heading\">Les troubles de l&rsquo;excitation<\/h3>\n\n\n\n<ul class=\"wp-block-list\">\n<li>Trouble de l&rsquo;\u00e9rection ;<\/li>\n\n\n\n<li>Trouble de la lubrification.<\/li>\n<\/ul>\n\n\n\n<h3 class=\"wp-block-heading\">Les troubles de l&rsquo;orgasme<\/h3>\n\n\n\n<ul class=\"wp-block-list\">\n<li>Trouble de l&rsquo;\u00e9jaculation :\n<ul class=\"wp-block-list\">\n<li>\u00c9jaculation pr\u00e9matur\u00e9e, retard\u00e9e ou absente<\/li>\n<\/ul>\n<\/li>\n\n\n\n<li>Anorgasmie<\/li>\n<\/ul>\n\n\n\n<h3 class=\"wp-block-heading\">Les rapports douloureux<\/h3>\n\n\n\n<ul class=\"wp-block-list\">\n<li>Dyspareunies ;<\/li>\n\n\n\n<li>Vaginisme ;<\/li>\n\n\n\n<li>Maladie de la P\u00e9ronie ;<\/li>\n\n\n\n<li>etc. (aussi bien chez l&rsquo;homme que chez la femme)<\/li>\n<\/ul>\n\n\n\n<h2 class=\"wp-block-heading\">Mon cadre th\u00e9rapeutique<\/h2>\n\n\n\n<h3 class=\"wp-block-heading\">Approches utilis\u00e9es<\/h3>\n\n\n\n<p>J\u2019utilise une approche int\u00e9grative, combinant :<\/p>\n\n\n\n<ul class=\"wp-block-list\">\n<li>L\u2019approche&nbsp;comportementale, cognitive et \u00e9motionnelle&nbsp;;<\/li>\n\n\n\n<li>L\u2019approche&nbsp;syst\u00e9mique<strong>&nbsp;<\/strong>;<\/li>\n\n\n\n<li>Les&nbsp;approches psychocorporelles, qui mobilisent le corps comme outil de compr\u00e9hension et de transformation.<\/li>\n<\/ul>\n\n\n\n<p>\ud83d\uded1&nbsp;<strong>Important<\/strong>&nbsp;: Les s\u00e9ances ne n\u00e9cessitent&nbsp;<strong>aucun contact physique<\/strong>. Jamais vous ne devrez vous d\u00e9v\u00eatir.<\/p>\n\n\n\n<h3 class=\"wp-block-heading\">Prise en charge pluridisciplinaire<\/h3>\n\n\n\n<p>La sant\u00e9 sexuelle est un domaine tr\u00e8s vaste qui touche diff\u00e9rentes sph\u00e8res<\/p>\n\n\n\n<figure class=\"wp-block-image size-full\"><img loading=\"lazy\" decoding=\"async\" width=\"834\" height=\"708\" src=\"https:\/\/epccf.com\/wp-content\/uploads\/2025\/06\/Sphere-de-la-sexualite.jpg\" alt=\"Sexologie clinique. Accompagnement des difficult\u00e9s li\u00e9es \u00e0 la sexualit\u00e9 \u00e0  7040 Qu\u00e9vy-Le-Grand pr\u00e8s de Mons \/ Maubeuge\" class=\"wp-image-852\" srcset=\"https:\/\/epccf.com\/wp-content\/uploads\/2025\/06\/Sphere-de-la-sexualite.jpg 834w, https:\/\/epccf.com\/wp-content\/uploads\/2025\/06\/Sphere-de-la-sexualite-300x255.jpg 300w, https:\/\/epccf.com\/wp-content\/uploads\/2025\/06\/Sphere-de-la-sexualite-768x652.jpg 768w\" sizes=\"auto, (max-width: 834px) 100vw, 834px\" \/><\/figure>\n\n\n\n<p>En tant que sexologue clinicien, je ne suis pas m\u00e9decin : je ne prescris ni examens m\u00e9dicaux ni traitements.<br>En revanche, ma formation me permet de poser des hypoth\u00e8ses diagnostiques et de vous orienter vers les professionnels comp\u00e9tents : m\u00e9decins g\u00e9n\u00e9ralistes, urologues, gyn\u00e9cologues, psychologues, psychiatres, etc.<\/p>\n\n\n\n<h2 class=\"wp-block-heading\">Un accompagnement respectueux et confidentiel<\/h2>\n\n\n\n<p>Conseiller conjugal et familial et sexologue clinicien, je vous accompagne dans les dimensions psychologiques et relationnelles de votre sexualit\u00e9, en individuel ou en couple.<\/p>\n\n\n\n<p>Les consultations se d\u00e9roulent dans un cabinet priv\u00e9, sans salle d\u2019attente partag\u00e9e, garantissant confidentialit\u00e9, respect et bienveillance.<\/p>\n\n\n\n<p>Il est entendu que ma pratique est encadr\u00e9e par le secret professionnel et les codes \u00e9thiques et d\u00e9ontologiques de mes diff\u00e9rentes formations.<\/p>\n\n\n\n<p><em>\u00ab Vous souhaitez en savoir plus ou prendre rendez-vous \u00e0 Qu\u00e9vy-Le-Grand ? Contactez-moi <a href=\"https:\/\/epccf.com\/index.php\/contact\/\">ici<\/a>. \u00bb<\/em><\/p>\n\n\n\n<h2 class=\"wp-block-heading\">Remboursements mutuelles<\/h2>\n\n\n\n<p>Trois mutuelles (Partenamut, la Mutalit\u00e9 Chr\u00e9tienne et la Mutualit\u00e9 Lib\u00e9rale) remboursent les consultations en sexologie pour les patients des sexologues membres effectifs de la SSUB (en Wallonie)<\/p>\n\n\n\n<h3 class=\"wp-block-heading\"><strong>Affili\u00e9s Mutualit\u00e9 Chr\u00e9tienne<\/strong>&nbsp;:<\/h3>\n\n\n\n<p>Remboursement partiel des consultations en sexologie (<strong>20\u20ac\/s\u00e9ance<\/strong>) chez les sexologues&nbsp;membres effectifs de la SSUB.&nbsp;<br><strong>360\u20ac\/an&nbsp;<\/strong>\u00e0 raison de&nbsp;<strong>18 s\u00e9ances max\/an.&nbsp;<\/strong><\/p>\n\n\n\n<h3 class=\"wp-block-heading\"><strong>Affili\u00e9s Partenamut&nbsp;:&nbsp;<\/strong><\/h3>\n\n\n\n<p>Remboursement partiel des consultations en sexologie (<strong>20\u20ac\/s\u00e9ance<\/strong>) chez les sexologues membres effectifs&nbsp;de la SSUB.<br><strong>320\u20ac\/an<\/strong>&nbsp;\u00e0 raison de&nbsp;<strong>16 s\u00e9ances max\/an.<\/strong><\/p>\n\n\n\n<h3 class=\"wp-block-heading\"><strong>Affili\u00e9s Mutuelle Lib\u00e9rale&nbsp;:<\/strong><\/h3>\n\n\n\n<p>Intervention de&nbsp;<strong>20\u20ac<\/strong>&nbsp;par consultation chez&nbsp;un sexologue&nbsp;membre effectif&nbsp;de la SSUB.<br>Maximum de&nbsp;<strong>160\u20ac\/an \u00e0 raison de 8 s\u00e9ances max\/an.<\/strong><\/p>\n","protected":false},"excerpt":{"rendered":"<p>La sant\u00e9 sexuelle L&rsquo;OMS d\u00e9finit la sant\u00e9 sexuelle comme : \u00ab &#8230;un \u00e9tat de bien-\u00eatre physique, mental et social eu \u00e9gard \u00e0 la sexualit\u00e9, qui ne consiste pas seulement en une absence de maladie, de dysfonctionnement ou d&rsquo;infirmit\u00e9. La sant\u00e9 sexuelle s&rsquo;entend comme une approche positive et respectueuse de la sexualit\u00e9 et des relations sexuelles,&#8230;<\/p>\n","protected":false},"author":1,"featured_media":0,"parent":0,"menu_order":0,"comment_status":"closed","ping_status":"closed","template":"","meta":{"footnotes":""},"class_list":["post-837","page","type-page","status-publish","hentry"],"yoast_head":"<!-- This site is optimized with the Yoast SEO plugin v27.3 - https:\/\/yoast.com\/product\/yoast-seo-wordpress\/ -->\n<title>Trouble de la sexualit\u00e9 - Sexologie clinique - Emmanuel Panfil<\/title>\n<meta name=\"description\" content=\"Je vous accompagne dans l\u2019exploration et la r\u00e9solution de difficult\u00e9s li\u00e9es \u00e0 la sexualit\u00e9 \u00e0 7040 Qu\u00e9vy-Le-Grand pr\u00e8s de Mons \/ Maubeuge\" \/>\n<meta name=\"robots\" content=\"index, follow, max-snippet:-1, max-image-preview:large, max-video-preview:-1\" \/>\n<link rel=\"canonical\" href=\"https:\/\/epccf.com\/index.php\/sexologie-clinique-sexualite\/\" \/>\n<meta property=\"og:locale\" content=\"fr_FR\" \/>\n<meta property=\"og:type\" content=\"article\" \/>\n<meta property=\"og:title\" content=\"Trouble de la sexualit\u00e9 - Sexologie clinique - Emmanuel Panfil\" \/>\n<meta property=\"og:description\" content=\"Je vous accompagne dans l\u2019exploration et la r\u00e9solution de difficult\u00e9s li\u00e9es \u00e0 la sexualit\u00e9 \u00e0 7040 Qu\u00e9vy-Le-Grand pr\u00e8s de Mons \/ Maubeuge\" \/>\n<meta property=\"og:url\" content=\"https:\/\/epccf.com\/index.php\/sexologie-clinique-sexualite\/\" \/>\n<meta property=\"og:site_name\" content=\"Emmanuel Panfil\" \/>\n<meta property=\"article:publisher\" content=\"https:\/\/www.facebook.com\/emmanuel.panfil\" \/>\n<meta property=\"article:modified_time\" content=\"2026-02-20T14:35:50+00:00\" \/>\n<meta property=\"og:image\" content=\"https:\/\/epccf.com\/wp-content\/uploads\/2025\/06\/Sphere-de-la-sexualite.jpg\" \/>\n\t<meta property=\"og:image:width\" content=\"834\" \/>\n\t<meta property=\"og:image:height\" content=\"708\" \/>\n\t<meta property=\"og:image:type\" content=\"image\/jpeg\" \/>\n<meta name=\"twitter:card\" content=\"summary_large_image\" \/>\n<meta name=\"twitter:label1\" content=\"Dur\u00e9e de lecture estim\u00e9e\" \/>\n\t<meta name=\"twitter:data1\" content=\"4 minutes\" \/>\n<script type=\"application\/ld+json\" class=\"yoast-schema-graph\">{\"@context\":\"https:\\\/\\\/schema.org\",\"@graph\":[{\"@type\":\"WebPage\",\"@id\":\"https:\\\/\\\/epccf.com\\\/index.php\\\/sexologie-clinique-sexualite\\\/\",\"url\":\"https:\\\/\\\/epccf.com\\\/index.php\\\/sexologie-clinique-sexualite\\\/\",\"name\":\"Trouble de la sexualit\u00e9 - Sexologie clinique - Emmanuel Panfil\",\"isPartOf\":{\"@id\":\"https:\\\/\\\/epccf.com\\\/#website\"},\"primaryImageOfPage\":{\"@id\":\"https:\\\/\\\/epccf.com\\\/index.php\\\/sexologie-clinique-sexualite\\\/#primaryimage\"},\"image\":{\"@id\":\"https:\\\/\\\/epccf.com\\\/index.php\\\/sexologie-clinique-sexualite\\\/#primaryimage\"},\"thumbnailUrl\":\"https:\\\/\\\/epccf.com\\\/wp-content\\\/uploads\\\/2025\\\/06\\\/Sphere-de-la-sexualite.jpg\",\"datePublished\":\"2025-06-23T10:08:31+00:00\",\"dateModified\":\"2026-02-20T14:35:50+00:00\",\"description\":\"Je vous accompagne dans l\u2019exploration et la r\u00e9solution de difficult\u00e9s li\u00e9es \u00e0 la sexualit\u00e9 \u00e0 7040 Qu\u00e9vy-Le-Grand pr\u00e8s de Mons \\\/ Maubeuge\",\"breadcrumb\":{\"@id\":\"https:\\\/\\\/epccf.com\\\/index.php\\\/sexologie-clinique-sexualite\\\/#breadcrumb\"},\"inLanguage\":\"fr-FR\",\"potentialAction\":[{\"@type\":\"ReadAction\",\"target\":[\"https:\\\/\\\/epccf.com\\\/index.php\\\/sexologie-clinique-sexualite\\\/\"]}]},{\"@type\":\"ImageObject\",\"inLanguage\":\"fr-FR\",\"@id\":\"https:\\\/\\\/epccf.com\\\/index.php\\\/sexologie-clinique-sexualite\\\/#primaryimage\",\"url\":\"https:\\\/\\\/epccf.com\\\/wp-content\\\/uploads\\\/2025\\\/06\\\/Sphere-de-la-sexualite.jpg\",\"contentUrl\":\"https:\\\/\\\/epccf.com\\\/wp-content\\\/uploads\\\/2025\\\/06\\\/Sphere-de-la-sexualite.jpg\",\"width\":834,\"height\":708},{\"@type\":\"BreadcrumbList\",\"@id\":\"https:\\\/\\\/epccf.com\\\/index.php\\\/sexologie-clinique-sexualite\\\/#breadcrumb\",\"itemListElement\":[{\"@type\":\"ListItem\",\"position\":1,\"name\":\"Accueil\",\"item\":\"https:\\\/\\\/epccf.com\\\/\"},{\"@type\":\"ListItem\",\"position\":2,\"name\":\"Sexologie clinique\"}]},{\"@type\":\"WebSite\",\"@id\":\"https:\\\/\\\/epccf.com\\\/#website\",\"url\":\"https:\\\/\\\/epccf.com\\\/\",\"name\":\"EPCCF\",\"description\":\"Th\u00e9rapie individuelle, du couple et de la famille - Sexologue clinicien\",\"publisher\":{\"@id\":\"https:\\\/\\\/epccf.com\\\/#organization\"},\"potentialAction\":[{\"@type\":\"SearchAction\",\"target\":{\"@type\":\"EntryPoint\",\"urlTemplate\":\"https:\\\/\\\/epccf.com\\\/?s={search_term_string}\"},\"query-input\":{\"@type\":\"PropertyValueSpecification\",\"valueRequired\":true,\"valueName\":\"search_term_string\"}}],\"inLanguage\":\"fr-FR\"},{\"@type\":\"Organization\",\"@id\":\"https:\\\/\\\/epccf.com\\\/#organization\",\"name\":\"Emmanuel Panfil conseiller conjugal et familial\",\"url\":\"https:\\\/\\\/epccf.com\\\/\",\"logo\":{\"@type\":\"ImageObject\",\"inLanguage\":\"fr-FR\",\"@id\":\"https:\\\/\\\/epccf.com\\\/#\\\/schema\\\/logo\\\/image\\\/\",\"url\":\"https:\\\/\\\/epccf.com\\\/wp-content\\\/uploads\\\/2022\\\/02\\\/logo2.png\",\"contentUrl\":\"https:\\\/\\\/epccf.com\\\/wp-content\\\/uploads\\\/2022\\\/02\\\/logo2.png\",\"width\":358,\"height\":317,\"caption\":\"Emmanuel Panfil conseiller conjugal et familial\"},\"image\":{\"@id\":\"https:\\\/\\\/epccf.com\\\/#\\\/schema\\\/logo\\\/image\\\/\"},\"sameAs\":[\"https:\\\/\\\/www.facebook.com\\\/emmanuel.panfil\",\"https:\\\/\\\/www.instagram.com\\\/panfil_emmanuel\\\/\"]}]}<\/script>\n<!-- \/ Yoast SEO plugin. -->","yoast_head_json":{"title":"Trouble de la sexualit\u00e9 - Sexologie clinique - Emmanuel Panfil","description":"Je vous accompagne dans l\u2019exploration et la r\u00e9solution de difficult\u00e9s li\u00e9es \u00e0 la sexualit\u00e9 \u00e0 7040 Qu\u00e9vy-Le-Grand pr\u00e8s de Mons \/ Maubeuge","robots":{"index":"index","follow":"follow","max-snippet":"max-snippet:-1","max-image-preview":"max-image-preview:large","max-video-preview":"max-video-preview:-1"},"canonical":"https:\/\/epccf.com\/index.php\/sexologie-clinique-sexualite\/","og_locale":"fr_FR","og_type":"article","og_title":"Trouble de la sexualit\u00e9 - Sexologie clinique - Emmanuel Panfil","og_description":"Je vous accompagne dans l\u2019exploration et la r\u00e9solution de difficult\u00e9s li\u00e9es \u00e0 la sexualit\u00e9 \u00e0 7040 Qu\u00e9vy-Le-Grand pr\u00e8s de Mons \/ Maubeuge","og_url":"https:\/\/epccf.com\/index.php\/sexologie-clinique-sexualite\/","og_site_name":"Emmanuel Panfil","article_publisher":"https:\/\/www.facebook.com\/emmanuel.panfil","article_modified_time":"2026-02-20T14:35:50+00:00","og_image":[{"width":834,"height":708,"url":"https:\/\/epccf.com\/wp-content\/uploads\/2025\/06\/Sphere-de-la-sexualite.jpg","type":"image\/jpeg"}],"twitter_card":"summary_large_image","twitter_misc":{"Dur\u00e9e de lecture estim\u00e9e":"4 minutes"},"schema":{"@context":"https:\/\/schema.org","@graph":[{"@type":"WebPage","@id":"https:\/\/epccf.com\/index.php\/sexologie-clinique-sexualite\/","url":"https:\/\/epccf.com\/index.php\/sexologie-clinique-sexualite\/","name":"Trouble de la sexualit\u00e9 - Sexologie clinique - Emmanuel Panfil","isPartOf":{"@id":"https:\/\/epccf.com\/#website"},"primaryImageOfPage":{"@id":"https:\/\/epccf.com\/index.php\/sexologie-clinique-sexualite\/#primaryimage"},"image":{"@id":"https:\/\/epccf.com\/index.php\/sexologie-clinique-sexualite\/#primaryimage"},"thumbnailUrl":"https:\/\/epccf.com\/wp-content\/uploads\/2025\/06\/Sphere-de-la-sexualite.jpg","datePublished":"2025-06-23T10:08:31+00:00","dateModified":"2026-02-20T14:35:50+00:00","description":"Je vous accompagne dans l\u2019exploration et la r\u00e9solution de difficult\u00e9s li\u00e9es \u00e0 la sexualit\u00e9 \u00e0 7040 Qu\u00e9vy-Le-Grand pr\u00e8s de Mons \/ Maubeuge","breadcrumb":{"@id":"https:\/\/epccf.com\/index.php\/sexologie-clinique-sexualite\/#breadcrumb"},"inLanguage":"fr-FR","potentialAction":[{"@type":"ReadAction","target":["https:\/\/epccf.com\/index.php\/sexologie-clinique-sexualite\/"]}]},{"@type":"ImageObject","inLanguage":"fr-FR","@id":"https:\/\/epccf.com\/index.php\/sexologie-clinique-sexualite\/#primaryimage","url":"https:\/\/epccf.com\/wp-content\/uploads\/2025\/06\/Sphere-de-la-sexualite.jpg","contentUrl":"https:\/\/epccf.com\/wp-content\/uploads\/2025\/06\/Sphere-de-la-sexualite.jpg","width":834,"height":708},{"@type":"BreadcrumbList","@id":"https:\/\/epccf.com\/index.php\/sexologie-clinique-sexualite\/#breadcrumb","itemListElement":[{"@type":"ListItem","position":1,"name":"Accueil","item":"https:\/\/epccf.com\/"},{"@type":"ListItem","position":2,"name":"Sexologie clinique"}]},{"@type":"WebSite","@id":"https:\/\/epccf.com\/#website","url":"https:\/\/epccf.com\/","name":"EPCCF","description":"Th\u00e9rapie individuelle, du couple et de la famille - Sexologue clinicien","publisher":{"@id":"https:\/\/epccf.com\/#organization"},"potentialAction":[{"@type":"SearchAction","target":{"@type":"EntryPoint","urlTemplate":"https:\/\/epccf.com\/?s={search_term_string}"},"query-input":{"@type":"PropertyValueSpecification","valueRequired":true,"valueName":"search_term_string"}}],"inLanguage":"fr-FR"},{"@type":"Organization","@id":"https:\/\/epccf.com\/#organization","name":"Emmanuel Panfil conseiller conjugal et familial","url":"https:\/\/epccf.com\/","logo":{"@type":"ImageObject","inLanguage":"fr-FR","@id":"https:\/\/epccf.com\/#\/schema\/logo\/image\/","url":"https:\/\/epccf.com\/wp-content\/uploads\/2022\/02\/logo2.png","contentUrl":"https:\/\/epccf.com\/wp-content\/uploads\/2022\/02\/logo2.png","width":358,"height":317,"caption":"Emmanuel Panfil conseiller conjugal et familial"},"image":{"@id":"https:\/\/epccf.com\/#\/schema\/logo\/image\/"},"sameAs":["https:\/\/www.facebook.com\/emmanuel.panfil","https:\/\/www.instagram.com\/panfil_emmanuel\/"]}]}},"_links":{"self":[{"href":"https:\/\/epccf.com\/index.php\/wp-json\/wp\/v2\/pages\/837","targetHints":{"allow":["GET"]}}],"collection":[{"href":"https:\/\/epccf.com\/index.php\/wp-json\/wp\/v2\/pages"}],"about":[{"href":"https:\/\/epccf.com\/index.php\/wp-json\/wp\/v2\/types\/page"}],"author":[{"embeddable":true,"href":"https:\/\/epccf.com\/index.php\/wp-json\/wp\/v2\/users\/1"}],"replies":[{"embeddable":true,"href":"https:\/\/epccf.com\/index.php\/wp-json\/wp\/v2\/comments?post=837"}],"version-history":[{"count":9,"href":"https:\/\/epccf.com\/index.php\/wp-json\/wp\/v2\/pages\/837\/revisions"}],"predecessor-version":[{"id":978,"href":"https:\/\/epccf.com\/index.php\/wp-json\/wp\/v2\/pages\/837\/revisions\/978"}],"wp:attachment":[{"href":"https:\/\/epccf.com\/index.php\/wp-json\/wp\/v2\/media?parent=837"}],"curies":[{"name":"wp","href":"https:\/\/api.w.org\/{rel}","templated":true}]}}