{"id":940,"date":"2025-10-24T09:21:21","date_gmt":"2025-10-24T07:21:21","guid":{"rendered":"https:\/\/epccf.com\/?page_id=940"},"modified":"2026-03-19T09:36:10","modified_gmt":"2026-03-19T08:36:10","slug":"espace-patients","status":"publish","type":"page","link":"https:\/\/epccf.com\/index.php\/espace-patients\/","title":{"rendered":"Espace patients"},"content":{"rendered":"\n<p><a href=\"https:\/\/epccf.com\/index.php\/toucher-desinteresse-partie-1\/\">Toucher d\u00e9sint\u00e9ress\u00e9 : partie 1<\/a><\/p>\n\n\n\n<p><a href=\"https:\/\/epccf.com\/index.php\/toucher-desinteresse-partie-2\/\">Toucher d\u00e9sint\u00e9ress\u00e9 : partie 2<\/a><\/p>\n\n\n\n<p><a href=\"https:\/\/epccf.com\/index.php\/toucher-desinteresse-partie-3\/\">Toucher d\u00e9sint\u00e9ress\u00e9 : partie 3<\/a><\/p>\n\n\n\n<p><\/p>\n","protected":false},"excerpt":{"rendered":"<p>Toucher d\u00e9sint\u00e9ress\u00e9 : partie 1 Toucher d\u00e9sint\u00e9ress\u00e9 : partie 2 Toucher d\u00e9sint\u00e9ress\u00e9 : partie 3<\/p>\n","protected":false},"author":1,"featured_media":0,"parent":0,"menu_order":0,"comment_status":"closed","ping_status":"closed","template":"","meta":{"footnotes":""},"class_list":["post-940","page","type-page","status-publish","hentry"],"yoast_head":"<!-- This site is optimized with the Yoast SEO plugin v27.3 - https:\/\/yoast.com\/product\/yoast-seo-wordpress\/ -->\n<title>Espace patients - Emmanuel Panfil<\/title>\n<meta name=\"robots\" content=\"index, follow, max-snippet:-1, max-image-preview:large, max-video-preview:-1\" \/>\n<link rel=\"canonical\" href=\"https:\/\/epccf.com\/index.php\/espace-patients\/\" \/>\n<meta property=\"og:locale\" content=\"fr_FR\" \/>\n<meta property=\"og:type\" content=\"article\" \/>\n<meta property=\"og:title\" content=\"Espace patients - Emmanuel Panfil\" \/>\n<meta property=\"og:description\" content=\"Toucher d\u00e9sint\u00e9ress\u00e9 : partie 1 Toucher d\u00e9sint\u00e9ress\u00e9 : partie 2 Toucher d\u00e9sint\u00e9ress\u00e9 : partie 3\" \/>\n<meta property=\"og:url\" content=\"https:\/\/epccf.com\/index.php\/espace-patients\/\" \/>\n<meta property=\"og:site_name\" content=\"Emmanuel Panfil\" \/>\n<meta property=\"article:publisher\" content=\"https:\/\/www.facebook.com\/emmanuel.panfil\" \/>\n<meta property=\"article:modified_time\" content=\"2026-03-19T08:36:10+00:00\" \/>\n<meta name=\"twitter:card\" content=\"summary_large_image\" \/>\n<meta name=\"twitter:label1\" content=\"Dur\u00e9e de lecture estim\u00e9e\" \/>\n\t<meta name=\"twitter:data1\" content=\"1 minute\" \/>\n<script type=\"application\/ld+json\" class=\"yoast-schema-graph\">{\"@context\":\"https:\\\/\\\/schema.org\",\"@graph\":[{\"@type\":\"WebPage\",\"@id\":\"https:\\\/\\\/epccf.com\\\/index.php\\\/espace-patients\\\/\",\"url\":\"https:\\\/\\\/epccf.com\\\/index.php\\\/espace-patients\\\/\",\"name\":\"Espace patients - Emmanuel Panfil\",\"isPartOf\":{\"@id\":\"https:\\\/\\\/epccf.com\\\/#website\"},\"datePublished\":\"2025-10-24T07:21:21+00:00\",\"dateModified\":\"2026-03-19T08:36:10+00:00\",\"breadcrumb\":{\"@id\":\"https:\\\/\\\/epccf.com\\\/index.php\\\/espace-patients\\\/#breadcrumb\"},\"inLanguage\":\"fr-FR\",\"potentialAction\":[{\"@type\":\"ReadAction\",\"target\":[\"https:\\\/\\\/epccf.com\\\/index.php\\\/espace-patients\\\/\"]}]},{\"@type\":\"BreadcrumbList\",\"@id\":\"https:\\\/\\\/epccf.com\\\/index.php\\\/espace-patients\\\/#breadcrumb\",\"itemListElement\":[{\"@type\":\"ListItem\",\"position\":1,\"name\":\"Accueil\",\"item\":\"https:\\\/\\\/epccf.com\\\/\"},{\"@type\":\"ListItem\",\"position\":2,\"name\":\"Espace patients\"}]},{\"@type\":\"WebSite\",\"@id\":\"https:\\\/\\\/epccf.com\\\/#website\",\"url\":\"https:\\\/\\\/epccf.com\\\/\",\"name\":\"EPCCF\",\"description\":\"Th\u00e9rapie individuelle, du couple et de la famille - Sexologue clinicien\",\"publisher\":{\"@id\":\"https:\\\/\\\/epccf.com\\\/#organization\"},\"potentialAction\":[{\"@type\":\"SearchAction\",\"target\":{\"@type\":\"EntryPoint\",\"urlTemplate\":\"https:\\\/\\\/epccf.com\\\/?s={search_term_string}\"},\"query-input\":{\"@type\":\"PropertyValueSpecification\",\"valueRequired\":true,\"valueName\":\"search_term_string\"}}],\"inLanguage\":\"fr-FR\"},{\"@type\":\"Organization\",\"@id\":\"https:\\\/\\\/epccf.com\\\/#organization\",\"name\":\"Emmanuel Panfil conseiller conjugal et familial\",\"url\":\"https:\\\/\\\/epccf.com\\\/\",\"logo\":{\"@type\":\"ImageObject\",\"inLanguage\":\"fr-FR\",\"@id\":\"https:\\\/\\\/epccf.com\\\/#\\\/schema\\\/logo\\\/image\\\/\",\"url\":\"https:\\\/\\\/epccf.com\\\/wp-content\\\/uploads\\\/2022\\\/02\\\/logo2.png\",\"contentUrl\":\"https:\\\/\\\/epccf.com\\\/wp-content\\\/uploads\\\/2022\\\/02\\\/logo2.png\",\"width\":358,\"height\":317,\"caption\":\"Emmanuel Panfil conseiller conjugal et familial\"},\"image\":{\"@id\":\"https:\\\/\\\/epccf.com\\\/#\\\/schema\\\/logo\\\/image\\\/\"},\"sameAs\":[\"https:\\\/\\\/www.facebook.com\\\/emmanuel.panfil\",\"https:\\\/\\\/www.instagram.com\\\/panfil_emmanuel\\\/\"]}]}<\/script>\n<!-- \/ Yoast SEO plugin. -->","yoast_head_json":{"title":"Espace patients - Emmanuel Panfil","robots":{"index":"index","follow":"follow","max-snippet":"max-snippet:-1","max-image-preview":"max-image-preview:large","max-video-preview":"max-video-preview:-1"},"canonical":"https:\/\/epccf.com\/index.php\/espace-patients\/","og_locale":"fr_FR","og_type":"article","og_title":"Espace patients - Emmanuel Panfil","og_description":"Toucher d\u00e9sint\u00e9ress\u00e9 : partie 1 Toucher d\u00e9sint\u00e9ress\u00e9 : partie 2 Toucher d\u00e9sint\u00e9ress\u00e9 : partie 3","og_url":"https:\/\/epccf.com\/index.php\/espace-patients\/","og_site_name":"Emmanuel Panfil","article_publisher":"https:\/\/www.facebook.com\/emmanuel.panfil","article_modified_time":"2026-03-19T08:36:10+00:00","twitter_card":"summary_large_image","twitter_misc":{"Dur\u00e9e de lecture estim\u00e9e":"1 minute"},"schema":{"@context":"https:\/\/schema.org","@graph":[{"@type":"WebPage","@id":"https:\/\/epccf.com\/index.php\/espace-patients\/","url":"https:\/\/epccf.com\/index.php\/espace-patients\/","name":"Espace patients - Emmanuel Panfil","isPartOf":{"@id":"https:\/\/epccf.com\/#website"},"datePublished":"2025-10-24T07:21:21+00:00","dateModified":"2026-03-19T08:36:10+00:00","breadcrumb":{"@id":"https:\/\/epccf.com\/index.php\/espace-patients\/#breadcrumb"},"inLanguage":"fr-FR","potentialAction":[{"@type":"ReadAction","target":["https:\/\/epccf.com\/index.php\/espace-patients\/"]}]},{"@type":"BreadcrumbList","@id":"https:\/\/epccf.com\/index.php\/espace-patients\/#breadcrumb","itemListElement":[{"@type":"ListItem","position":1,"name":"Accueil","item":"https:\/\/epccf.com\/"},{"@type":"ListItem","position":2,"name":"Espace patients"}]},{"@type":"WebSite","@id":"https:\/\/epccf.com\/#website","url":"https:\/\/epccf.com\/","name":"EPCCF","description":"Th\u00e9rapie individuelle, du couple et de la famille - Sexologue clinicien","publisher":{"@id":"https:\/\/epccf.com\/#organization"},"potentialAction":[{"@type":"SearchAction","target":{"@type":"EntryPoint","urlTemplate":"https:\/\/epccf.com\/?s={search_term_string}"},"query-input":{"@type":"PropertyValueSpecification","valueRequired":true,"valueName":"search_term_string"}}],"inLanguage":"fr-FR"},{"@type":"Organization","@id":"https:\/\/epccf.com\/#organization","name":"Emmanuel Panfil conseiller conjugal et familial","url":"https:\/\/epccf.com\/","logo":{"@type":"ImageObject","inLanguage":"fr-FR","@id":"https:\/\/epccf.com\/#\/schema\/logo\/image\/","url":"https:\/\/epccf.com\/wp-content\/uploads\/2022\/02\/logo2.png","contentUrl":"https:\/\/epccf.com\/wp-content\/uploads\/2022\/02\/logo2.png","width":358,"height":317,"caption":"Emmanuel Panfil conseiller conjugal et familial"},"image":{"@id":"https:\/\/epccf.com\/#\/schema\/logo\/image\/"},"sameAs":["https:\/\/www.facebook.com\/emmanuel.panfil","https:\/\/www.instagram.com\/panfil_emmanuel\/"]}]}},"_links":{"self":[{"href":"https:\/\/epccf.com\/index.php\/wp-json\/wp\/v2\/pages\/940","targetHints":{"allow":["GET"]}}],"collection":[{"href":"https:\/\/epccf.com\/index.php\/wp-json\/wp\/v2\/pages"}],"about":[{"href":"https:\/\/epccf.com\/index.php\/wp-json\/wp\/v2\/types\/page"}],"author":[{"embeddable":true,"href":"https:\/\/epccf.com\/index.php\/wp-json\/wp\/v2\/users\/1"}],"replies":[{"embeddable":true,"href":"https:\/\/epccf.com\/index.php\/wp-json\/wp\/v2\/comments?post=940"}],"version-history":[{"count":11,"href":"https:\/\/epccf.com\/index.php\/wp-json\/wp\/v2\/pages\/940\/revisions"}],"predecessor-version":[{"id":1001,"href":"https:\/\/epccf.com\/index.php\/wp-json\/wp\/v2\/pages\/940\/revisions\/1001"}],"wp:attachment":[{"href":"https:\/\/epccf.com\/index.php\/wp-json\/wp\/v2\/media?parent=940"}],"curies":[{"name":"wp","href":"https:\/\/api.w.org\/{rel}","templated":true}]}}